{"id":16160,"date":"2022-11-05T20:38:31","date_gmt":"2022-11-05T19:38:31","guid":{"rendered":"https:\/\/swisssabers.ch\/mentions-legales\/"},"modified":"2026-05-07T11:14:34","modified_gmt":"2026-05-07T09:14:34","slug":"mentions-legales","status":"publish","type":"page","link":"https:\/\/sabers-and-cloaks.de\/fr\/mentions-legales\/","title":{"rendered":"Mentions l\u00e9gales"},"content":{"rendered":"\t\t<div data-elementor-type=\"wp-page\" data-elementor-id=\"16160\" class=\"elementor elementor-16160 elementor-294\" data-elementor-post-type=\"page\">\n\t\t\t\t<div class=\"elementor-element elementor-element-6a1220b e-flex e-con-boxed e-con e-parent\" data-id=\"6a1220b\" data-element_type=\"container\" data-e-type=\"container\" data-settings=\"{&quot;background_background&quot;:&quot;classic&quot;}\">\n\t\t\t\t\t<div class=\"e-con-inner\">\n\t\t\t\t<div class=\"elementor-element elementor-element-4c59d8a elementor-widget elementor-widget-heading\" data-id=\"4c59d8a\" data-element_type=\"widget\" data-e-type=\"widget\" data-widget_type=\"heading.default\">\n\t\t\t\t<div class=\"elementor-widget-container\">\n\t\t\t\t\t<h6 class=\"elementor-heading-title elementor-size-default\">Qui sommes-nous ?<\/h6>\t\t\t\t<\/div>\n\t\t\t\t<\/div>\n\t\t\t\t<div class=\"elementor-element elementor-element-f06b0bd elementor-widget__width-initial elementor-widget-tablet__width-inherit elementor-widget elementor-widget-heading\" data-id=\"f06b0bd\" data-element_type=\"widget\" data-e-type=\"widget\" data-widget_type=\"heading.default\">\n\t\t\t\t<div class=\"elementor-widget-container\">\n\t\t\t\t\t<h1 class=\"elementor-heading-title elementor-size-default\">Mentions l\u00e9gales<\/h1>\t\t\t\t<\/div>\n\t\t\t\t<\/div>\n\t\t\t\t<div class=\"elementor-element elementor-element-a226efc elementor-widget__width-initial elementor-widget-tablet__width-inherit elementor-widget elementor-widget-text-editor\" data-id=\"a226efc\" data-element_type=\"widget\" data-e-type=\"widget\" data-widget_type=\"text-editor.default\">\n\t\t\t\t<div class=\"elementor-widget-container\">\n\t\t\t\t\t\t\t\t\t<p style=\"text-align: left;\">Swiss Sabers GmbH<br \/>Fl\u00fcelastrasse 11<br \/>8048 Z\u00fcrich<br \/>Suisse<\/p>\n<p>G\u00e9rant : Dino Aslani<\/p>\n<p>N\u00b0 TVA : DE260166184<br \/>N\u00b0 IDE : CHE-115.026.581<br \/>T\u00e9l\u00e9phone : +41 76 767 86 37 (uniquement WhatsApp)<br \/>E-mail : support@sabers-and-cloaks.com<\/p>\n<p><main id=\"MainContent\" class=\"content-for-layout focus-none\" tabindex=\"-1\" role=\"main\"><\/p>\n<section id=\"shopify-section-template--25190123995402__rich_text_ted8Me\" class=\"shopify-section section\">\n<div class=\"isolate\">\n<div class=\"rich-text content-container color-background-1 gradient rich-text--full-width content-container--full-width section-template--25190123995402__rich_text_ted8Me-padding\">\n<div class=\"rich-text__wrapper rich-text__wrapper--center page-width\">\n<div class=\"rich-text__blocks left\">\n<div class=\"rich-text__text rte scroll-trigger animate--slide-in\" data-cascade=\"\">\n<p>Contact : Veuillez nous contacter par e-mail, WhatsApp ou via le formulaire de contact.<\/p>\n<\/div>\n<\/div>\n<\/div>\n<\/div>\n<\/div>\n<\/section>\n<p><\/main><\/p>\n\t\t\t\t\t\t\t\t<\/div>\n\t\t\t\t<\/div>\n\t\t\t\t<div class=\"elementor-element elementor-element-340ea6f elementor-widget__width-initial elementor-widget-tablet__width-inherit elementor-widget elementor-widget-text-editor\" data-id=\"340ea6f\" data-element_type=\"widget\" data-e-type=\"widget\" data-widget_type=\"text-editor.default\">\n\t\t\t\t<div class=\"elementor-widget-container\">\n\t\t\t\t\t\t\t\t\t<p>Nous sommes une boutique 100 % en ligne et ne disposons pas de magasin physique classique.<\/p>\n<p><strong>Sites d\u2019entreposage & retrait<\/strong><br \/>Afin de livrer nos clients de mani\u00e8re optimale, nous disposons de deux sites logistiques :<\/p>\n<p><strong>Site Allemagne<\/strong> (exp\u00e9dition UE) : Ici, seul l\u2019envoi est assur\u00e9. Les retraits ou visites sur place ne sont malheureusement pas possibles.<\/p>\n<p><strong>Site Suisse<\/strong> (exp\u00e9dition Suisse) : Les retraits et visites sur place sont possibles, toutefois uniquement sur rendez-vous pr\u00e9alable.<\/p>\n\t\t\t\t\t\t\t\t<\/div>\n\t\t\t\t<\/div>\n\t\t\t\t\t<\/div>\n\t\t\t\t<\/div>\n\t\t\t\t<\/div>\n\t\t","protected":false},"excerpt":{"rendered":"<p>Qui sommes-nous ? Mentions l\u00e9gales Swiss Sabers GmbHFl\u00fcelastrasse 118048 Z\u00fcrichSuisse G\u00e9rant : Dino Aslani N\u00b0 TVA : DE260166184N\u00b0 IDE : CHE-115.026.581T\u00e9l\u00e9phone : +41 76 767 86 37 (uniquement WhatsApp)E-mail : support@sabers-and-cloaks.com Contact : Veuillez nous contacter par e-mail, WhatsApp ou via le formulaire de contact. Nous sommes une boutique 100 % en ligne et ne [&hellip;]<\/p>\n","protected":false},"author":1,"featured_media":0,"parent":0,"menu_order":0,"comment_status":"closed","ping_status":"closed","template":"elementor_header_footer","meta":{"_acf_changed":false,"footnotes":""},"class_list":["post-16160","page","type-page","status-publish","hentry"],"acf":[],"_links":{"self":[{"href":"https:\/\/sabers-and-cloaks.de\/fr\/wp-json\/wp\/v2\/pages\/16160","targetHints":{"allow":["GET"]}}],"collection":[{"href":"https:\/\/sabers-and-cloaks.de\/fr\/wp-json\/wp\/v2\/pages"}],"about":[{"href":"https:\/\/sabers-and-cloaks.de\/fr\/wp-json\/wp\/v2\/types\/page"}],"author":[{"embeddable":true,"href":"https:\/\/sabers-and-cloaks.de\/fr\/wp-json\/wp\/v2\/users\/1"}],"replies":[{"embeddable":true,"href":"https:\/\/sabers-and-cloaks.de\/fr\/wp-json\/wp\/v2\/comments?post=16160"}],"version-history":[{"count":8,"href":"https:\/\/sabers-and-cloaks.de\/fr\/wp-json\/wp\/v2\/pages\/16160\/revisions"}],"predecessor-version":[{"id":36367,"href":"https:\/\/sabers-and-cloaks.de\/fr\/wp-json\/wp\/v2\/pages\/16160\/revisions\/36367"}],"wp:attachment":[{"href":"https:\/\/sabers-and-cloaks.de\/fr\/wp-json\/wp\/v2\/media?parent=16160"}],"curies":[{"name":"wp","href":"https:\/\/api.w.org\/{rel}","templated":true}]}}