{"id":16513,"date":"2024-04-05T15:00:58","date_gmt":"2024-04-05T13:00:58","guid":{"rendered":"https:\/\/swisssabers.ch\/shop\/kit-de-cosplay-jedi\/"},"modified":"2025-09-15T23:57:49","modified_gmt":"2025-09-15T21:57:49","slug":"jedi-cosplay-set-komplett","status":"publish","type":"product","link":"https:\/\/sabers-and-cloaks.de\/fr\/shop\/jedi-cosplay-set-komplett\/","title":{"rendered":"Ensemble de costume de Jedi | tenue de cosplay (7 pi\u00e8ces)"},"content":{"rendered":"<p>Notre kit complet Jedi, inspir\u00e9 par Obi-Wan Kenobi, contient tout ce dont tu as besoin pour un look Jedi authentique :<\/p>\n<p>\u2013 <strong> Cape<\/strong> (manteau)<br \/>\n\u2013 <strong> Tunique<\/strong> (3 pi\u00e8ces : haut, pantalon, ceinture en tissu)<br \/>\n\u2013 <strong>Bottes<\/strong> (cuir v\u00e9ritable)<br \/>\n\u2013 <strong> Ceinture<\/strong> (en cuir v\u00e9ritable)<strong><br \/>\n\u2013<\/strong><strong>Boucle de ceinture<\/strong> (pour attacher un sabre laser \u00e0 la ceinture)<br \/>\n\u2013 <strong><em>Optionnel<\/em><\/strong>: Sac de ceinture (pour ranger de petits objets)<\/p>\n<p>Que ce soit lors d\u2019un Comic-Con, d\u2019un \u00e9v\u00e9nement de cosplay ou d\u2019une f\u00eate \u00e0 th\u00e8me Star Wars, cette tenue attirera l\u2019attention de tous. Ce costume provient de notre production exclusive et est le choix parfait pour tous les fans de Star Wars, les cosplayers et les passionn\u00e9s de Jedi. <\/p>\n<p><strong>Points forts :<\/strong><br \/>\n\u2013 Fabriqu\u00e9 \u00e0 la main dans notre production exclusive<br \/>\n\u2013 Tunique et manteau \u00e0 la coupe ample et d\u00e9contract\u00e9e<br \/>\n\u2013 Tissus soigneusement s\u00e9lectionn\u00e9s et mat\u00e9riaux de qualit\u00e9<br \/>\n\u2013 Tr\u00e8s confortable \u00e0 porter<\/p>\n<p><em>Remarque : les tailles pour la tunique et le manteau ne sont pas des tailles standard ! En raison de la coupe ample et d\u00e9contract\u00e9e, nous nous basons principalement sur la taille du corps pour les indications de taille. <\/p>\n<p><\/em><\/p>\n<p><strong>Manteau \/ cape :<\/strong><\/p>\n<ul>\n<li>Marron fonc\u00e9, coupe g\u00e9n\u00e9reuse, capuche profonde<\/li>\n<li>Mat\u00e9riel : 100 % coton<\/li>\n<li>Poids : environ 2,2 kg<\/li>\n<li>Recommandation de taille :\n<ul>\n<li>S : taille < 180 cm<\/li>\n<li>  L : taille > 180 cm<\/li>\n<\/ul>\n<\/li>\n<\/ul>\n<p><strong>Tunique (3 pi\u00e8ces) :<\/strong><\/p>\n<ul>\n<li>Beige, 3 pi\u00e8ces : haut\/pantalon\/ceinture en tissu<\/li>\n<li>Mat\u00e9riel : 100 % polyester<\/li>\n<li>Haut avec boutons pressions cach\u00e9s, ceinture en tissu pouvant se fermer \u00e0 l\u2019arri\u00e8re<\/li>\n<li>Recommandation de taille :\n<ul>\n<li>S : taille < 170 cm<\/li>\n<li>M : taille d\u2019environ 170 \u2013 185 cm<\/li>\n<li>L : taille > 185 cm<\/li>\n<\/ul>\n<\/li>\n<\/ul>\n<p><strong>Ceinture :<\/strong><\/p>\n<ul>\n<li>Cuir v\u00e9ritable, marron, fait main \u2013 petites imperfections possibles<\/li>\n<li>Boucle de ceinture incluse pour la fixation du sabre laser<\/li>\n<li>Fermeture velcro \u00e0 l\u2019arri\u00e8re pour un ajustement flexible<\/li>\n<li>Poids : environ 0,5 kg<\/li>\n<li>Largeur<strong>:<\/strong> ceinture ext\u00e9rieure\/int\u00e9rieure : 6 cm \/ 2 cm<\/li>\n<li>  Recommandation de taille :\n<ul>\n<li><strong>Taille S<\/strong>: 105 cm de long pour un tour de ventre <strong>d\u2019environ 80 cm \u00e0 100 cm<\/strong> (fermeture velcro parfaitement ajust\u00e9e \u00e0 90 cm)<\/li>\n<li><strong>Taille L<\/strong>: 120 cm de long pour un tour de taille <strong>d\u2019environ 85 cm \u00e0 110 cm<\/strong> (fermeture velcro parfaitement ajust\u00e9e \u00e0 105 cm)<\/li>\n<\/ul>\n<\/li>\n<\/ul>\n<ul>\n<li style=\"list-style-type: none;\">\n<\/li>\n<\/ul>\n<p><strong>Bottes :<\/strong><\/p>\n<ul>\n<li>Cuir v\u00e9ritable, marron, petites imperfections possibles<\/li>\n<li>Rembourrage int\u00e9rieur chaud, semelle stable et confortable<\/li>\n<li>Conseil d\u2019entretien : traiter avec une cr\u00e8me d\u2019entretien pour cuir disponible dans le commerce. Suivre les instructions du produit d\u2019entretien. <\/li>\n<\/ul>\n","protected":false},"excerpt":{"rendered":"<p>Notre kit complet Jedi, inspir\u00e9 par Obi-Wan Kenobi, contient tout ce dont tu as besoin pour un look Jedi authentique : \u2013 Cape (manteau) \u2013 Tunique (3 pi\u00e8ces : haut, pantalon, ceinture en tissu) \u2013 Bottes (cuir v\u00e9ritable) \u2013 Ceinture (en cuir v\u00e9ritable) \u2013Boucle de ceinture (pour attacher un sabre laser \u00e0 la ceinture) \u2013 [&hellip;]<\/p>\n","protected":false},"featured_media":15867,"template":"","meta":{"_acf_changed":false,"wds_primary_product_brand":0,"wds_primary_product_cat":0},"produkt-filter":[429],"product_brand":[],"product_cat":[349,370,361,358],"product_tag":[],"class_list":{"0":"post-16513","1":"product","2":"type-product","3":"status-publish","4":"has-post-thumbnail","6":"produkt-filter-cosplay-fr","7":"product_cat-cosplay-fr","8":"product_cat-cosplay-helle-seite-fr","9":"product_cat-startseite-cosplay-fr","10":"product_cat-cosplay-empfehlung-fr","11":"pa_stiefel-38-fr","12":"pa_stiefel-40-fr","13":"pa_stiefel-42-fr","14":"pa_stiefel-44-fr","15":"pa_stiefel-46-fr","16":"pa_tunika-s-fr","17":"pa_tunika-m-fr","18":"pa_tunika-l-fr","19":"pa_umhang-s-fr","20":"pa_umhang-l-fr","21":"wcpa_has_options","23":"first","24":"instock","25":"sale","26":"taxable","27":"shipping-taxable","28":"purchasable","29":"product-type-variable"},"acf":[],"wcpa_form_fields":{"wcpaData":{"product":{"product_price":496,"price_html":"<del><span class=\"woocommerce-Price-amount amount\"><bdi><span class=\"woocommerce-Price-currencySymbol\">&euro;<\/span>&nbsp;496.00<\/bdi><\/span><\/del><br><span style=\"color:red;\"><span class=\"woocommerce-Price-amount amount\"><bdi><span class=\"woocommerce-Price-currencySymbol\">&euro;<\/span>&nbsp;439.00<\/bdi><\/span><\/span>","original_product_price":496,"price_including_tax":399,"price_excluding_tax":369.102683,"product_id":{"parent":16513,"variation":false},"is_variable":true,"stock_status":"instock","stock_quantity":null,"parent_sku":"Tunika + Mantel + G\u00fcrtel + G\u00dcRTELSCHNALLE + KLETTVERSCHLUSS + Stiefel","product_attributes":{"pa_guertel":{"is_variation":true,"values":[]},"pa_tunika":{"is_variation":true,"values":[]},"pa_umhang":{"is_variation":true,"values":[]},"pa_stiefel":{"is_variation":true,"values":[]}},"custom_fields":[],"is_taxable":true,"product_name":"Ensemble de costume de Jedi | tenue de cosplay (7 pi\u00e8ces)","hasImage":false},"fields":{"sec_868c87426c3cad":{"extra":{"key":"sec_868c87426c3cad","section_id":"sec_868c87426c3cad","name":"New Section","status":1,"cl_rule":"show","enableCl":false,"relations":[],"toggle":true,"title_tag":"h4","show_title":false,"showPrice":"default","repeater_section_field_label":"{field_label}","repeater_section_label":"{section_name}","repeater_bind":"","form_id":26542,"form_rules":{"exclude_from_discount":false,"fee_label":"Geb\u00fchr","disp_hide_options_price":false,"disp_show_section_price":false,"disp_show_field_price":true,"layout_option":"standard","pric_use_as_fee":false,"process_fee_as":"woo_fee"},"layout_option":"standard"},"fields":[[{"active":true,"col":4,"relations":[],"cl_rule":"show","enableCl":false,"price":"","enablePrice":true,"className":"","label_position":"default","desc_position":"default","type":"image-group","required":false,"elementId":"image-group_768c87426c3cbe","label":"Compl\u00e9tez la tenue :","name":"image-group_768c87426c3cbe","enable_popup":"all","multiple":true,"layOut":"","img_selection_type":"tick","disp_type":"squircle","values":[{"label":"Sacoche de ceinture (cuir v\u00e9ritable)","value":"G\u00fcrteltasche (Echtleder)","selected":false,"image":"https:\/\/sabers-and-cloaks.de\/wp-content\/uploads\/2025\/09\/Leather-Bag-Brown-4.jpg","thumb":"https:\/\/sabers-and-cloaks.de\/wp-content\/uploads\/2025\/09\/Leather-Bag-Brown-4-150x150.jpg","tempId":"aco_1093","price":"30","image_id":25678,"tooltip":"Offre de l\u2019espace de rangement pour de petits objets","thumb_src":"https:\/\/sabers-and-cloaks.de\/wp-content\/uploads\/2025\/09\/Leather-Bag-Brown-4-100x100.jpg","gt_translate_keys":["label","tooltip"]}],"isWeightTemplate":false,"error":false,"isTemplate":false,"img_preview_disable_mobile":true,"disp_size_img":{"width":"100","height":"100"},"min_quantity":"1","quantity_decimal":false,"quantity_step":"1","quantity_label":"Quantity","repeater_field_label":"{field_label}","repeater_bind":"","other":false,"priceOptions":"different_for_all","pricingType":"fixed","is_show_price":false,"enableDesign":false,"tooltip":"","enableClearSelection":false,"show_selected_option":false,"show_as_product_image":false,"img_preview":false,"use_as_fee":false,"options_tooltip":true,"options_description":false,"gt_translate_keys":["label","tooltip","repeater_field_label","quantity_label"],"price_dependency":false,"cl_dependency":false,"value":""}]]}},"config":{"price_override":"","enable_recaptcha":false,"bind_quantity":false,"quantity_bind_formula":false,"disp_summ_show_option_price":true,"disp_summ_show_product_price":true,"disp_summ_show_total_price":true,"disp_summ_show_fee":false,"disp_summ_show_discount":false,"summary_title":"","options_total_label":"Prix de l'option","total_label":"Total","options_product_label":"Prix du produit","fee_label":"Geb\u00fchr","discount_label":"Rabatt","has_price":true,"has_quantity_formula":false},"mc_unit":1,"tax_rate":1,"tax_rate_real":0.081,"discount":{"percentage":0,"fixed":0},"design":{"conf":{"LabelPosition":"left","DescPosition":"above","UploadField":"custom_1","QuantityFieldStyle":"default"},"css":{"LeftLabelWidth":"120px"}},"formulas":[],"lookuptables":[],"clones":false,"cartKey":false}},"_links":{"self":[{"href":"https:\/\/sabers-and-cloaks.de\/fr\/wp-json\/wp\/v2\/product\/16513","targetHints":{"allow":["GET"]}}],"collection":[{"href":"https:\/\/sabers-and-cloaks.de\/fr\/wp-json\/wp\/v2\/product"}],"about":[{"href":"https:\/\/sabers-and-cloaks.de\/fr\/wp-json\/wp\/v2\/types\/product"}],"version-history":[{"count":5,"href":"https:\/\/sabers-and-cloaks.de\/fr\/wp-json\/wp\/v2\/product\/16513\/revisions"}],"predecessor-version":[{"id":26533,"href":"https:\/\/sabers-and-cloaks.de\/fr\/wp-json\/wp\/v2\/product\/16513\/revisions\/26533"}],"wp:featuredmedia":[{"embeddable":true,"href":"https:\/\/sabers-and-cloaks.de\/fr\/wp-json\/wp\/v2\/media\/15867"}],"wp:attachment":[{"href":"https:\/\/sabers-and-cloaks.de\/fr\/wp-json\/wp\/v2\/media?parent=16513"}],"wp:term":[{"taxonomy":"produkt-filter","embeddable":true,"href":"https:\/\/sabers-and-cloaks.de\/fr\/wp-json\/wp\/v2\/produkt-filter?post=16513"},{"taxonomy":"product_brand","embeddable":true,"href":"https:\/\/sabers-and-cloaks.de\/fr\/wp-json\/wp\/v2\/product_brand?post=16513"},{"taxonomy":"product_cat","embeddable":true,"href":"https:\/\/sabers-and-cloaks.de\/fr\/wp-json\/wp\/v2\/product_cat?post=16513"},{"taxonomy":"product_tag","embeddable":true,"href":"https:\/\/sabers-and-cloaks.de\/fr\/wp-json\/wp\/v2\/product_tag?post=16513"}],"curies":[{"name":"wp","href":"https:\/\/api.w.org\/{rel}","templated":true}]}}