{"id":16608,"date":"2023-10-08T23:00:44","date_gmt":"2023-10-08T21:00:44","guid":{"rendered":"https:\/\/swisssabers.ch\/shop\/ceinture-sith\/"},"modified":"2025-09-15T23:57:18","modified_gmt":"2025-09-15T21:57:18","slug":"sith-guertel","status":"publish","type":"product","link":"https:\/\/sabers-and-cloaks.de\/fr\/shop\/sith-guertel\/","title":{"rendered":"Ceinture Sith | cuir v\u00e9ritable"},"content":{"rendered":"<p>Ceinture exclusive Dark Side \/ Sith en cuir v\u00e9ritable (buffle). Gr\u00e2ce \u00e0 la fermeture velcro, elle peut \u00eatre ajust\u00e9e de mani\u00e8re flexible \u00e0 l\u2019arri\u00e8re du dos en fonction de la taille. Toutes nos ceintures sont faites \u00e0 la main, ce qui peut entra\u00eener de petites imperfections.  <\/p>\n<p>\u00a0<\/p>\n<p>Dimensions :<\/p>\n<p><strong>Taille S<\/strong>: 105 cm de long pour un tour de ventre <strong>d\u2019environ 80 cm \u00e0 100 cm<\/strong> (fermeture velcro parfaitement ajust\u00e9e \u00e0 90 cm)<\/p>\n<p><strong>Taille L<\/strong>: 120 cm de long pour un tour de taille <strong>d\u2019environ 85 cm \u00e0 110 cm<\/strong> (fermeture velcro parfaitement ajust\u00e9e \u00e0 105 cm)<\/p>\n<p><strong>Largeur :<\/strong> ceinture ext\u00e9rieure\/int\u00e9rieure : 6 cm \/ 2 cm<\/p>\n<p><strong>couleur<\/strong>: noir<\/p>\n<p><strong>Poids<\/strong>: environ 0,5 kg<\/p>\n<p>\u00a0<\/p>\n<p><em>Les photos montrent une ceinture de taille S.<\/em><\/p>\n","protected":false},"excerpt":{"rendered":"<p>Ceinture exclusive Dark Side \/ Sith en cuir v\u00e9ritable (buffle). Gr\u00e2ce \u00e0 la fermeture velcro, elle peut \u00eatre ajust\u00e9e de mani\u00e8re flexible \u00e0 l\u2019arri\u00e8re du dos en fonction de la taille. Toutes nos ceintures sont faites \u00e0 la main, ce qui peut entra\u00eener de petites imperfections. \u00a0 Dimensions : Taille S: 105 cm de long [&hellip;]<\/p>\n","protected":false},"featured_media":15942,"template":"","meta":{"_acf_changed":false,"wds_primary_product_brand":0,"wds_primary_product_cat":0},"produkt-filter":[429],"product_brand":[],"product_cat":[349,372,361,358],"product_tag":[],"class_list":{"0":"post-16608","1":"product","2":"type-product","3":"status-publish","4":"has-post-thumbnail","6":"produkt-filter-cosplay-fr","7":"product_cat-cosplay-fr","8":"product_cat-cosplay-cote-obscur-fr","9":"product_cat-startseite-cosplay-fr","10":"product_cat-cosplay-empfehlung-fr","11":"pa_groesse-s-fr","12":"pa_groesse-s-avec-boucle-de-ceinture","13":"pa_groesse-l-fr","14":"pa_groesse-l-avec-boucle-de-ceinture","15":"wcpa_has_options","17":"first","18":"instock","19":"taxable","20":"shipping-taxable","21":"purchasable","22":"product-type-variable"},"acf":[],"wcpa_form_fields":{"wcpaData":{"product":{"product_price":79,"price_html":"<span class=\"woocommerce-Price-amount amount\"><bdi><span class=\"woocommerce-Price-currencySymbol\">&euro;<\/span>&nbsp;79.00<\/bdi><\/span>","original_product_price":79,"price_including_tax":79,"price_excluding_tax":73.080481,"product_id":{"parent":16608,"variation":false},"is_variable":true,"stock_status":"instock","stock_quantity":null,"parent_sku":"Sith G\u00fcrtel","product_attributes":{"pa_groesse":{"is_variation":true,"values":[]}},"custom_fields":[],"is_taxable":true,"product_name":"Ceinture Sith | cuir v\u00e9ritable","hasImage":false},"fields":{"sec_h1l2o91la0":{"extra":{"key":"sec_h1l2o91la0","section_id":"sec_h1l2o91la0","name":"New Section","status":1,"cl_rule":"show","enableCl":false,"relations":[],"toggle":true,"title_tag":"h4","show_title":false,"showPrice":"default","repeater_section_field_label":"{field_label}","repeater_section_label":"{section_name}","repeater_bind":"","form_id":26538,"form_rules":{"exclude_from_discount":false,"fee_label":"Geb\u00fchr","disp_hide_options_price":false,"disp_show_section_price":false,"disp_show_field_price":true,"layout_option":"standard","pric_use_as_fee":false,"process_fee_as":"woo_fee"},"layout_option":"standard"},"fields":[[{"active":true,"col":1,"relations":[],"cl_rule":"show","enableCl":false,"price":"","enablePrice":true,"className":"leatherbelt_options","label_position":"default","desc_position":"default","type":"image-group","required":false,"elementId":"image_1161708224","label":"Notre recommandation :","name":"image_1161708224","enable_popup":"all","multiple":true,"layOut":"col-2","img_selection_type":"tick","disp_type":"squircle","values":[{"label":"Boucle de ceinture","value":"G\u00fcrtelschnalle","selected":false,"image":"https:\/\/sabers-and-cloaks.de\/wp-content\/uploads\/2024\/10\/guertelschnalle-5-scaled.jpg","thumb":"https:\/\/sabers-and-cloaks.de\/wp-content\/uploads\/2024\/10\/guertelschnalle-5-150x150.jpg","tempId":"aco_1092","image_id":18437,"price":"10","options_cl":false,"relations":[{"operator":false,"rules":[{"operator":"AND","rules":{"cl_field":"","cl_relation":"","cl_val":""}}]}],"cl_rule":"show","tooltip":"Befestige dein Lichtschwert am G\u00fcrtel","thumb_src":"https:\/\/sabers-and-cloaks.de\/wp-content\/uploads\/2024\/10\/guertelschnalle-5-100x100.jpg","gt_translate_keys":["label","tooltip"]},{"label":"Sacoche de ceinture (cuir v\u00e9ritable)","value":"G\u00fcrteltasche (Echtleder)","selected":false,"image":"https:\/\/sabers-and-cloaks.de\/wp-content\/uploads\/2025\/09\/Leather-Bag-Brown-4.jpg","thumb":"https:\/\/sabers-and-cloaks.de\/wp-content\/uploads\/2025\/09\/Leather-Bag-Brown-4-150x150.jpg","tempId":"aco_1093","price":"30","image_id":25678,"tooltip":"Offre de l\u2019espace de rangement pour de petits objets","thumb_src":"https:\/\/sabers-and-cloaks.de\/wp-content\/uploads\/2025\/09\/Leather-Bag-Brown-4-100x100.jpg","gt_translate_keys":["label","tooltip"]}],"isWeightTemplate":false,"error":false,"isTemplate":false,"img_preview_disable_mobile":true,"disp_size_img":{"width":"100","height":"100"},"min_quantity":"1","quantity_decimal":false,"quantity_step":"1","quantity_label":"Quantity","repeater_field_label":"{field_label}","repeater_bind":"","other":false,"priceOptions":"different_for_all","pricingType":"fixed","is_show_price":false,"enableDesign":false,"tooltip":"","enableClearSelection":false,"show_selected_option":false,"show_as_product_image":false,"img_preview":false,"use_as_fee":false,"options_tooltip":true,"options_description":false,"gt_translate_keys":["label","tooltip","repeater_field_label","quantity_label"],"price_dependency":false,"cl_dependency":false,"value":""}]]}},"config":{"price_override":"","enable_recaptcha":false,"bind_quantity":false,"quantity_bind_formula":false,"disp_summ_show_option_price":true,"disp_summ_show_product_price":true,"disp_summ_show_total_price":true,"disp_summ_show_fee":false,"disp_summ_show_discount":false,"summary_title":"","options_total_label":"Prix de l'option","total_label":"Total","options_product_label":"Prix du produit","fee_label":"Geb\u00fchr","discount_label":"Rabatt","has_price":true,"has_quantity_formula":false},"mc_unit":1,"tax_rate":1,"tax_rate_real":0.081,"discount":{"percentage":0,"fixed":0},"design":{"conf":{"LabelPosition":"left","DescPosition":"above","UploadField":"custom_1","QuantityFieldStyle":"default"},"css":{"LeftLabelWidth":"120px"}},"formulas":[],"lookuptables":[],"clones":false,"cartKey":false}},"_links":{"self":[{"href":"https:\/\/sabers-and-cloaks.de\/fr\/wp-json\/wp\/v2\/product\/16608","targetHints":{"allow":["GET"]}}],"collection":[{"href":"https:\/\/sabers-and-cloaks.de\/fr\/wp-json\/wp\/v2\/product"}],"about":[{"href":"https:\/\/sabers-and-cloaks.de\/fr\/wp-json\/wp\/v2\/types\/product"}],"version-history":[{"count":2,"href":"https:\/\/sabers-and-cloaks.de\/fr\/wp-json\/wp\/v2\/product\/16608\/revisions"}],"predecessor-version":[{"id":26516,"href":"https:\/\/sabers-and-cloaks.de\/fr\/wp-json\/wp\/v2\/product\/16608\/revisions\/26516"}],"wp:featuredmedia":[{"embeddable":true,"href":"https:\/\/sabers-and-cloaks.de\/fr\/wp-json\/wp\/v2\/media\/15942"}],"wp:attachment":[{"href":"https:\/\/sabers-and-cloaks.de\/fr\/wp-json\/wp\/v2\/media?parent=16608"}],"wp:term":[{"taxonomy":"produkt-filter","embeddable":true,"href":"https:\/\/sabers-and-cloaks.de\/fr\/wp-json\/wp\/v2\/produkt-filter?post=16608"},{"taxonomy":"product_brand","embeddable":true,"href":"https:\/\/sabers-and-cloaks.de\/fr\/wp-json\/wp\/v2\/product_brand?post=16608"},{"taxonomy":"product_cat","embeddable":true,"href":"https:\/\/sabers-and-cloaks.de\/fr\/wp-json\/wp\/v2\/product_cat?post=16608"},{"taxonomy":"product_tag","embeddable":true,"href":"https:\/\/sabers-and-cloaks.de\/fr\/wp-json\/wp\/v2\/product_tag?post=16608"}],"curies":[{"name":"wp","href":"https:\/\/api.w.org\/{rel}","templated":true}]}}