{"id":16904,"date":"2023-05-28T09:10:39","date_gmt":"2023-05-28T07:10:39","guid":{"rendered":"https:\/\/swisssabers.ch\/shop\/adaptateur-pixel-vers-rgb\/"},"modified":"2026-02-24T04:01:47","modified_gmt":"2026-02-24T03:01:47","slug":"pixel-zu-rgb-adapter","status":"publish","type":"product","link":"https:\/\/sabers-and-cloaks.de\/fr\/shop\/pixel-zu-rgb-adapter\/","title":{"rendered":"Adaptateur pixel vers RGB"},"content":{"rendered":"<p data-start=\"146\" data-end=\"223\"><strong data-start=\"146\" data-end=\"221\">Transforme ton sabre laser \u00e0 pixels en un sabre laser RVB pr\u00eat au combat !<\/strong><\/p>\n<p data-start=\"225\" data-end=\"444\">Cet adaptateur permet de transformer facilement un sabre laser Pixel en un sabre laser RGB adapt\u00e9 au combat. La condition pr\u00e9alable est d\u2019avoir une lame RGB adapt\u00e9e d\u2019un diam\u00e8tre de 1\u2033. <\/p>\n<p data-start=\"446\" data-end=\"585\"><strong data-start=\"446\" data-end=\"472\">Installation facile :<\/strong><br data-start=\"472\" data-end=\"475\">Il suffit de placer l\u2019adaptateur sur les broches dor\u00e9es dans l\u2019\u00e9metteur du manche, puis de fixer la lame par-dessus.<\/p>\n<p data-start=\"587\" data-end=\"742\"><strong data-start=\"587\" data-end=\"599\">Remarque :<\/strong><br data-start=\"599\" data-end=\"602\">La LED de l\u2019adaptateur est l\u00e9g\u00e8rement moins lumineuse que celle d\u2019un sabre laser RGB normal.<\/p>\n<p data-start=\"744\" data-end=\"765\"><strong data-start=\"744\" data-end=\"763\">La compatibilit\u00e9 :<\/strong><\/p>\n<ul data-start=\"766\" data-end=\"1009\">\n<li data-start=\"766\" data-end=\"807\">\n<p data-start=\"768\" data-end=\"807\">Diam\u00e8tre de la lame : 1\u2033<strong>(non compatible avec 7\/8\u2033<\/strong>)<\/p>\n<\/li>\n<li data-start=\"808\" data-end=\"864\">\n<p data-start=\"810\" data-end=\"864\">Compatible avec la plupart des sabres laser standard<\/p>\n<\/li>\n<li data-start=\"939\" data-end=\"1009\">\n<p data-start=\"941\" data-end=\"1009\">Pour les sabres laser premium, v\u00e9rifie d\u2019abord la compatibilit\u00e9<\/p>\n<\/li>\n<\/ul>\n<p data-start=\"1011\" data-end=\"1372\"><strong data-start=\"1011\" data-end=\"1023\">Important :<\/strong><br data-start=\"1023\" data-end=\"1026\">L\u2019\u00e9metteur doit offrir une profondeur suffisante pour fixer solidement \u00e0 la fois l\u2019adaptateur et la lame. Certains mod\u00e8les de r\u00e9pliques ne sont donc pas compatibles. <strong>Mod\u00e8les non compatibles<\/strong>: Luke Skywalker, Dark Vador, Anakin Skywalker, Kylo Ren, Leia, Comte Dooku, Obi-Wan Kenobi, Darksaber, Ahsoka Tano (Ma\u00eetre), Dooku Jedi, Anakin (Padawan), Dark Sidious, Yoda, Ezra Bridger, Inquisitor, Trooper Saber, Bleeding Crystal Saber, Ancient Warrior, Mace Windu <\/p>\n","protected":false},"excerpt":{"rendered":"<p>Transforme ton sabre laser \u00e0 pixels en un sabre laser RVB pr\u00eat au combat ! Cet adaptateur permet de transformer facilement un sabre laser Pixel en un sabre laser RGB adapt\u00e9 au combat. La condition pr\u00e9alable est d\u2019avoir une lame RGB adapt\u00e9e d\u2019un diam\u00e8tre de 1\u2033. Installation facile :Il suffit de placer l\u2019adaptateur sur les [&hellip;]<\/p>\n","protected":false},"featured_media":17513,"template":"","meta":{"_acf_changed":false,"wds_primary_product_brand":0,"wds_primary_product_cat":0},"produkt-filter":[431],"product_brand":[],"product_cat":[341],"product_tag":[],"class_list":{"0":"post-16904","1":"product","2":"type-product","3":"status-publish","4":"has-post-thumbnail","6":"produkt-filter-zubehoer-fr","7":"product_cat-accessoires","8":"pa_variante-adaptateur-et-lame-rgb-92cm-standard","9":"pa_variante-adaptateur-et-lame-rgb-70-cm","10":"pa_variante-adaptateur-et-lame-rgb-50-cm","11":"pa_variante-adaptateur-seulement","13":"first","14":"onbackorder","15":"taxable","16":"shipping-taxable","17":"purchasable","18":"product-type-variable"},"acf":[],"wcpa_form_fields":null,"_links":{"self":[{"href":"https:\/\/sabers-and-cloaks.de\/fr\/wp-json\/wp\/v2\/product\/16904","targetHints":{"allow":["GET"]}}],"collection":[{"href":"https:\/\/sabers-and-cloaks.de\/fr\/wp-json\/wp\/v2\/product"}],"about":[{"href":"https:\/\/sabers-and-cloaks.de\/fr\/wp-json\/wp\/v2\/types\/product"}],"version-history":[{"count":5,"href":"https:\/\/sabers-and-cloaks.de\/fr\/wp-json\/wp\/v2\/product\/16904\/revisions"}],"predecessor-version":[{"id":30109,"href":"https:\/\/sabers-and-cloaks.de\/fr\/wp-json\/wp\/v2\/product\/16904\/revisions\/30109"}],"wp:featuredmedia":[{"embeddable":true,"href":"https:\/\/sabers-and-cloaks.de\/fr\/wp-json\/wp\/v2\/media\/17513"}],"wp:attachment":[{"href":"https:\/\/sabers-and-cloaks.de\/fr\/wp-json\/wp\/v2\/media?parent=16904"}],"wp:term":[{"taxonomy":"produkt-filter","embeddable":true,"href":"https:\/\/sabers-and-cloaks.de\/fr\/wp-json\/wp\/v2\/produkt-filter?post=16904"},{"taxonomy":"product_brand","embeddable":true,"href":"https:\/\/sabers-and-cloaks.de\/fr\/wp-json\/wp\/v2\/product_brand?post=16904"},{"taxonomy":"product_cat","embeddable":true,"href":"https:\/\/sabers-and-cloaks.de\/fr\/wp-json\/wp\/v2\/product_cat?post=16904"},{"taxonomy":"product_tag","embeddable":true,"href":"https:\/\/sabers-and-cloaks.de\/fr\/wp-json\/wp\/v2\/product_tag?post=16904"}],"curies":[{"name":"wp","href":"https:\/\/api.w.org\/{rel}","templated":true}]}}