{"id":26462,"date":"2025-09-15T19:40:57","date_gmt":"2025-09-15T17:40:57","guid":{"rendered":"https:\/\/swisssabers.ch\/shop\/sith-guerteltasche\/"},"modified":"2026-04-15T12:32:51","modified_gmt":"2026-04-15T10:32:51","slug":"sith-guerteltasche","status":"publish","type":"product","link":"https:\/\/sabers-and-cloaks.de\/fr\/shop\/sith-guerteltasche\/","title":{"rendered":"Sac banane Sith | Pochette utilitaire | cuir v\u00e9ritable"},"content":{"rendered":"\n<p>Ce sac fait main est l\u2019accessoire id\u00e9al pour ta ceinture Sith et offre un espace de rangement pratique pour les petits objets. Elle s\u2019ins\u00e8re parfaitement dans la ceinture et reste bien en place sans glisser. <\/p>\n\n<p><br\/>Dimensions : environ 10 cm x 7 cm x 4 cm<br\/>Couleur : noir<br\/>Poids : environ 0,2 kg<\/p>\n\n<p>Comme chaque sac est fabriqu\u00e9 \u00e0 la main, de petites imperfections peuvent appara\u00eetre.<br\/>Remarque : la ceinture n\u2019est pas incluse et peut \u00eatre command\u00e9e s\u00e9par\u00e9ment.<\/p>\n\n<p><\/p>\n","protected":false},"excerpt":{"rendered":"<p>Ce sac fait main est l\u2019accessoire id\u00e9al pour ta ceinture Sith et offre un espace de rangement pratique pour les petits objets. Elle s\u2019ins\u00e8re parfaitement dans la ceinture et reste bien en place sans glisser. Dimensions : environ 10 cm x 7 cm x 4 cmCouleur : noirPoids : environ 0,2 kg Comme chaque sac [&hellip;]<\/p>\n","protected":false},"featured_media":26468,"template":"","meta":{"_acf_changed":false,"wds_primary_product_brand":0,"wds_primary_product_cat":0},"produkt-filter":[429],"product_brand":[],"product_cat":[349,372],"product_tag":[],"class_list":{"0":"post-26462","1":"product","2":"type-product","3":"status-publish","4":"has-post-thumbnail","6":"produkt-filter-cosplay-fr","7":"product_cat-cosplay-fr","8":"product_cat-cosplay-cote-obscur-fr","10":"first","11":"instock","12":"taxable","13":"shipping-taxable","14":"purchasable","15":"product-type-simple"},"acf":[],"wcpa_form_fields":null,"_links":{"self":[{"href":"https:\/\/sabers-and-cloaks.de\/fr\/wp-json\/wp\/v2\/product\/26462","targetHints":{"allow":["GET"]}}],"collection":[{"href":"https:\/\/sabers-and-cloaks.de\/fr\/wp-json\/wp\/v2\/product"}],"about":[{"href":"https:\/\/sabers-and-cloaks.de\/fr\/wp-json\/wp\/v2\/types\/product"}],"version-history":[{"count":6,"href":"https:\/\/sabers-and-cloaks.de\/fr\/wp-json\/wp\/v2\/product\/26462\/revisions"}],"predecessor-version":[{"id":27960,"href":"https:\/\/sabers-and-cloaks.de\/fr\/wp-json\/wp\/v2\/product\/26462\/revisions\/27960"}],"wp:featuredmedia":[{"embeddable":true,"href":"https:\/\/sabers-and-cloaks.de\/fr\/wp-json\/wp\/v2\/media\/26468"}],"wp:attachment":[{"href":"https:\/\/sabers-and-cloaks.de\/fr\/wp-json\/wp\/v2\/media?parent=26462"}],"wp:term":[{"taxonomy":"produkt-filter","embeddable":true,"href":"https:\/\/sabers-and-cloaks.de\/fr\/wp-json\/wp\/v2\/produkt-filter?post=26462"},{"taxonomy":"product_brand","embeddable":true,"href":"https:\/\/sabers-and-cloaks.de\/fr\/wp-json\/wp\/v2\/product_brand?post=26462"},{"taxonomy":"product_cat","embeddable":true,"href":"https:\/\/sabers-and-cloaks.de\/fr\/wp-json\/wp\/v2\/product_cat?post=26462"},{"taxonomy":"product_tag","embeddable":true,"href":"https:\/\/sabers-and-cloaks.de\/fr\/wp-json\/wp\/v2\/product_tag?post=26462"}],"curies":[{"name":"wp","href":"https:\/\/api.w.org\/{rel}","templated":true}]}}