{"id":34606,"date":"2026-03-22T00:22:10","date_gmt":"2026-03-21T23:22:10","guid":{"rendered":"https:\/\/swisssabers.ch\/shop\/imperial-credits\/"},"modified":"2026-04-15T13:22:39","modified_gmt":"2026-04-15T11:22:39","slug":"imperial-credits","status":"publish","type":"product","link":"https:\/\/sabers-and-cloaks.de\/fr\/shop\/imperial-credits\/","title":{"rendered":"Cr\u00e9dits imp\u00e9riaux | En m\u00e9tal"},"content":{"rendered":"\n<p>Echange tes francs suisses contre la seule v\u00e9ritable monnaie de l\u2019Empire galactique. Ce cr\u00e9dit imp\u00e9rial en m\u00e9tal massif impressionne par son aspect dor\u00e9 brillant. Un objet de collection exclusif pour les fans, parfait comme d\u00e9coration ou comme cadeau.  <\/p>\n\n<p>Couleur : or brillant<br\/>Dimensions : 50 mm x 18 mm x 4 mm<\/p>\n","protected":false},"excerpt":{"rendered":"<p>Echange tes francs suisses contre la seule v\u00e9ritable monnaie de l\u2019Empire galactique. Ce cr\u00e9dit imp\u00e9rial en m\u00e9tal massif impressionne par son aspect dor\u00e9 brillant. Un objet de collection exclusif pour les fans, parfait comme d\u00e9coration ou comme cadeau. Couleur : or brillantDimensions : 50 mm x 18 mm x 4 mm<\/p>\n","protected":false},"featured_media":34608,"template":"","meta":{"_acf_changed":false,"wds_primary_product_brand":0,"wds_primary_product_cat":0},"produkt-filter":[431],"product_brand":[],"product_cat":[727,349,341],"product_tag":[],"class_list":{"0":"post-34606","1":"product","2":"type-product","3":"status-publish","4":"has-post-thumbnail","6":"produkt-filter-zubehoer-fr","7":"product_cat-accessoires-product-feed","8":"product_cat-cosplay-fr","9":"product_cat-accessoires","11":"first","12":"onbackorder","13":"sale","14":"taxable","15":"shipping-taxable","16":"purchasable","17":"product-type-variable"},"acf":[],"wcpa_form_fields":null,"_links":{"self":[{"href":"https:\/\/sabers-and-cloaks.de\/fr\/wp-json\/wp\/v2\/product\/34606","targetHints":{"allow":["GET"]}}],"collection":[{"href":"https:\/\/sabers-and-cloaks.de\/fr\/wp-json\/wp\/v2\/product"}],"about":[{"href":"https:\/\/sabers-and-cloaks.de\/fr\/wp-json\/wp\/v2\/types\/product"}],"version-history":[{"count":1,"href":"https:\/\/sabers-and-cloaks.de\/fr\/wp-json\/wp\/v2\/product\/34606\/revisions"}],"predecessor-version":[{"id":34639,"href":"https:\/\/sabers-and-cloaks.de\/fr\/wp-json\/wp\/v2\/product\/34606\/revisions\/34639"}],"wp:featuredmedia":[{"embeddable":true,"href":"https:\/\/sabers-and-cloaks.de\/fr\/wp-json\/wp\/v2\/media\/34608"}],"wp:attachment":[{"href":"https:\/\/sabers-and-cloaks.de\/fr\/wp-json\/wp\/v2\/media?parent=34606"}],"wp:term":[{"taxonomy":"produkt-filter","embeddable":true,"href":"https:\/\/sabers-and-cloaks.de\/fr\/wp-json\/wp\/v2\/produkt-filter?post=34606"},{"taxonomy":"product_brand","embeddable":true,"href":"https:\/\/sabers-and-cloaks.de\/fr\/wp-json\/wp\/v2\/product_brand?post=34606"},{"taxonomy":"product_cat","embeddable":true,"href":"https:\/\/sabers-and-cloaks.de\/fr\/wp-json\/wp\/v2\/product_cat?post=34606"},{"taxonomy":"product_tag","embeddable":true,"href":"https:\/\/sabers-and-cloaks.de\/fr\/wp-json\/wp\/v2\/product_tag?post=34606"}],"curies":[{"name":"wp","href":"https:\/\/api.w.org\/{rel}","templated":true}]}}