{"id":36265,"date":"2026-04-20T13:38:43","date_gmt":"2026-04-20T11:38:43","guid":{"rendered":"https:\/\/sabers-and-cloaks.de\/?post_type=product&#038;p=36265"},"modified":"2026-05-07T11:08:15","modified_gmt":"2026-05-07T09:08:15","slug":"sabre-laser-a-double-lame-de-darth-maul-se-shadow-lord","status":"publish","type":"product","link":"https:\/\/sabers-and-cloaks.de\/fr\/shop\/sabre-laser-a-double-lame-de-darth-maul-se-shadow-lord\/","title":{"rendered":"Sabre laser \u00e0 double lame de Darth Maul SE | Shadow Lord"},"content":{"rendered":"\n<p>Nos sabres laser se distinguent par une fabrication de haute qualit\u00e9. La poign\u00e9e est en m\u00e9tal (alliage d\u2019aluminium), et la lame en polycarbonate robuste. Vous disposez de nombreuses couleurs de lame r\u00e9glables, de soundfonts, de modes et d\u2019effets. Ils conviennent parfaitement \u00e0 tous les fans de Star Wars, que vous soyez Jedi ou Sith, cosplayers, ou simplement pour offrir un superbe objet d\u2019exposition et de d\u00e9coration aux collectionneurs et passionn\u00e9s.<\/p>\n\n<ul class=\"wp-block-list\">\n<li>34+ (pixels) de soundfonts pr\u00e9install\u00e9es<\/li>\n\n\n\n<li>Couleurs de lame r\u00e9glables \u00e0 volont\u00e9<\/li>\n\n\n\n<li>Tableau de commande Sensitive Smooth Swing<\/li>\n\n\n\n<li>Connexion \u00e0 l\u2019application et r\u00e9glages depuis le smartphone<\/li>\n\n\n\n<li>Batterie Li-Ion (rechargeable et rempla\u00e7able)<\/li>\n\n\n\n<li>Poign\u00e9e : aluminium, longueur 61 cm (les deux poign\u00e9es ensemble)<\/li>\n\n\n\n<li>Lame : polycarbonate de diffusion de lumi\u00e8re, 92 cm de long et 1\u2033 (2,54 cm) de diam\u00e8tre<\/li>\n\n\n\n<li>Peut \u00eatre fix\u00e9 \u00e0 une boucle de ceinture : oui<\/li>\n<\/ul>\n\n<p>Ce mod\u00e8le est uniquement disponible en version Pixel (version RGB uniquement sur demande). Pour en savoir plus, consultez la page \u00ab Bedienung \u00bb.<\/p>\n\n<p>Ce sabre laser est livr\u00e9 dans un <strong>coffret premium<\/strong> contenant :<\/p>\n\n<ul class=\"wp-block-list\">\n<li>2x poign\u00e9e de sabre laser avec lame<\/li>\n\n\n\n<li><strong>Support pour sabre laser<\/strong><\/li>\n\n\n\n<li><strong>2x Blade Plug pour \u00e9metteur de lame<\/strong><\/li>\n\n\n\n<li>2x chargeur & c\u00e2ble de charge<\/li>\n\n\n\n<li>Mode d\u2019emploi<\/li>\n\n\n\n<li>Vis pour le montage + vis de rechange<\/li>\n\n\n\n<li>Outil<\/li>\n\n\n\n<li>Carte SD + adaptateur USB<\/li>\n<\/ul>\n\n<hr class=\"wp-block-separator has-alpha-channel-opacity\" \/>\n\n<h4 class=\"wp-block-heading\"><strong>Sensitive Smooth Swing<\/strong> :<\/h4>\n\n<p>Le sabre laser r\u00e9agit aux mouvements et aux impacts avec des sons et des effets r\u00e9alistes.<\/p>\n\n<h4 class=\"wp-block-heading\"><strong>Couleurs de lame r\u00e9glables<\/strong> :<\/h4>\n\n<p>Ajustez la couleur de la lame \u00e0 votre guise (rouge, bleu, vert, violet, jaune, blanc, etc.).<\/p>\n\n<h4 class=\"wp-block-heading\"><strong>Soundfonts immersifs<\/strong> :<\/h4>\n\n<p>Choisissez entre 16 (RGB) et 34+ (Neopixel) soundfonts, ou ajoutez m\u00eame les v\u00f4tres (la version RGB n\u00e9cessite une carte SD s\u00e9par\u00e9e ; la version Pixel est d\u00e9j\u00e0 fournie).<\/p>\n\n<h4 class=\"wp-block-heading\"><strong>Effets de lame et d\u2019effets sonores<\/strong> :<\/h4>\n\n<p>Lockup, parer le blaster, effets sonores lors des impacts, volume r\u00e9glable, et bien plus encore.<\/p>\n\n<h4 class=\"wp-block-heading\"><strong>Connexion au smartphone<\/strong> :<\/h4>\n\n<p>Connectez votre sabre laser via Bluetooth et ajustez les soundfonts, les couleurs de lame et d\u2019autres r\u00e9glages via l\u2019application.<\/p>\n\n<h4 class=\"wp-block-heading\"><strong>Contr\u00f4les par mouvement<\/strong> :<\/h4>\n\n<p>Commandez le sabre laser par des gestes de mouvement, comme le tourner ou le pousser vers l\u2019avant pour l\u2019allumer.<\/p>\n\n<h4 class=\"wp-block-heading\"><strong>Batterie rechargeable<\/strong> :<\/h4>\n\n<p>Avec le c\u00e2ble de charge fourni, la batterie Li-Ion int\u00e9gr\u00e9e se recharge facilement.<\/p>\n\n<h4 class=\"wp-block-heading\"><strong>Poign\u00e9e robuste en aluminium<\/strong> :<\/h4>\n\n<p>Chaque poign\u00e9e est compos\u00e9e d\u2019un alliage d\u2019aluminium, ce qui rend le sabre laser particuli\u00e8rement haut de gamme et r\u00e9sistant.<\/p>\n\n<h4 class=\"wp-block-heading\"><strong>Lame en polycarbonate<\/strong> :<\/h4>\n\n<p>Si vous voulez dueler, la version RGB est id\u00e9ale gr\u00e2ce \u00e0 sa lame en polycarbonate r\u00e9sistante. La version Pixel est plus fragile \u00e0 cause des LED int\u00e9gr\u00e9es : elle n\u2019est donc pas adapt\u00e9e au combat.<\/p>\n","protected":false},"excerpt":{"rendered":"<p>Nos sabres laser se distinguent par une fabrication de haute qualit\u00e9. La poign\u00e9e est en m\u00e9tal (alliage d\u2019aluminium), et la lame en polycarbonate robuste. Vous disposez de nombreuses couleurs de lame r\u00e9glables, de soundfonts, de modes et d\u2019effets. Ils conviennent parfaitement \u00e0 tous les fans de Star Wars, que vous soyez Jedi ou Sith, cosplayers, [&hellip;]<\/p>\n","protected":false},"featured_media":35644,"template":"","meta":{"_acf_changed":false,"wds_primary_product_brand":0,"wds_primary_product_cat":0},"produkt-filter":[],"product_brand":[],"product_cat":[],"product_tag":[],"class_list":{"0":"post-36265","1":"product","2":"type-product","3":"status-publish","4":"has-post-thumbnail","6":"wcpa_has_options","8":"first","9":"onbackorder","10":"taxable","11":"shipping-taxable","12":"purchasable","13":"product-type-simple"},"acf":[],"wcpa_form_fields":{"wcpaData":{"product":{"product_price":249,"price_html":"<span class=\"woocommerce-Price-amount amount\"><bdi><span class=\"woocommerce-Price-currencySymbol\">&euro;<\/span>&nbsp;249.00<\/bdi><\/span>","original_product_price":249,"price_including_tax":249,"price_excluding_tax":230.342276,"product_id":{"parent":36265,"variation":false},"is_variable":false,"stock_status":"onbackorder","stock_quantity":null,"parent_sku":"","product_attributes":[],"custom_fields":[],"is_taxable":true,"product_name":"Sabre laser \u00e0 double lame de Darth Maul SE | Shadow Lord","hasImage":false},"fields":{"sec_969e21ab940a73":{"extra":{"key":"sec_969e21ab940a73","section_id":"sec_969e21ab940a73","name":"New Section","status":1,"cl_rule":"show","enableCl":false,"relations":[],"toggle":true,"title_tag":"h4","show_title":false,"showPrice":"default","repeater_section_field_label":"{field_label}","repeater_section_label":"{section_name}","repeater_bind":"","form_id":35564,"form_rules":{"exclude_from_discount":false,"fee_label":"Geb\u00fchr","disp_hide_options_price":false,"disp_show_section_price":false,"disp_show_field_price":true,"layout_option":"standard","pric_use_as_fee":false,"process_fee_as":"woo_fee"},"layout_option":"standard"},"fields":[[{"active":true,"col":3,"relations":[{"operator":false,"rules":[{"operator":"AND","rules":{"cl_field":"attribute","cl_relation":"is","cl_val":"pixel-fr","cl_field_sub":"pa_version"}}]}],"cl_rule":"show","enableCl":true,"price":"10","enablePrice":true,"className":"","label_position":"default","desc_position":"default","type":"productGroup","required":false,"elementId":"product_group_4268415771","name":"product_group_4268415771","label":"Soundfonts","values":[{"label":"Cindarion","value":"26728","selected":false,"tempId":"aco_181","gt_translate_keys":["label"],"stock_status":"instock","image":"https:\/\/sabers-and-cloaks.de\/wp-content\/uploads\/2025\/09\/10.png","thumb_src":"https:\/\/sabers-and-cloaks.de\/wp-content\/uploads\/2025\/09\/10-100x100.png","image_id":"26729","productImage":{"title":"10","caption":"","url":"https:\/\/sabers-and-cloaks.de\/wp-content\/uploads\/2025\/09\/10.png","alt":"10","src":"https:\/\/sabers-and-cloaks.de\/wp-content\/uploads\/2025\/09\/10-1200x1200.png","srcset":"https:\/\/sabers-and-cloaks.de\/wp-content\/uploads\/2025\/09\/10-1200x1200.png 1200w, https:\/\/sabers-and-cloaks.de\/wp-content\/uploads\/2025\/09\/10-300x300.png 300w, https:\/\/sabers-and-cloaks.de\/wp-content\/uploads\/2025\/09\/10-150x150.png 150w, https:\/\/sabers-and-cloaks.de\/wp-content\/uploads\/2025\/09\/10-1024x1024.png 1024w, https:\/\/sabers-and-cloaks.de\/wp-content\/uploads\/2025\/09\/10-768x768.png 768w, https:\/\/sabers-and-cloaks.de\/wp-content\/uploads\/2025\/09\/10-990x990.png 990w, https:\/\/sabers-and-cloaks.de\/wp-content\/uploads\/2025\/09\/10-441x441.png 441w, https:\/\/sabers-and-cloaks.de\/wp-content\/uploads\/2025\/09\/10-1320x1320.png 1320w, https:\/\/sabers-and-cloaks.de\/wp-content\/uploads\/2025\/09\/10-50x50.png 50w, https:\/\/sabers-and-cloaks.de\/wp-content\/uploads\/2025\/09\/10-100x100.png 100w, https:\/\/sabers-and-cloaks.de\/wp-content\/uploads\/2025\/09\/10.png 1500w","sizes":"(max-width: 1200px) 100vw, 1200px","full_src":"https:\/\/sabers-and-cloaks.de\/wp-content\/uploads\/2025\/09\/10.png","full_src_w":1500,"full_src_h":1500,"gallery_thumbnail_src":"https:\/\/sabers-and-cloaks.de\/wp-content\/uploads\/2025\/09\/10.png","gallery_thumbnail_src_w":150,"gallery_thumbnail_src_h":150,"thumb_src":"https:\/\/sabers-and-cloaks.de\/wp-content\/uploads\/2025\/09\/10-300x300.png","thumb_src_w":300,"thumb_src_h":300,"src_w":1200,"src_h":1200,"image_id":"26729"}},{"label":"God Of Thunder","value":"26744","selected":false,"tempId":"aco_256","gt_translate_keys":["label"],"stock_status":"instock","image":"https:\/\/sabers-and-cloaks.de\/wp-content\/uploads\/2025\/09\/15.png","thumb_src":"https:\/\/sabers-and-cloaks.de\/wp-content\/uploads\/2025\/09\/15-100x100.png","image_id":"26745","productImage":{"title":"15","caption":"","url":"https:\/\/sabers-and-cloaks.de\/wp-content\/uploads\/2025\/09\/15.png","alt":"15","src":"https:\/\/sabers-and-cloaks.de\/wp-content\/uploads\/2025\/09\/15-1200x1200.png","srcset":"https:\/\/sabers-and-cloaks.de\/wp-content\/uploads\/2025\/09\/15-1200x1200.png 1200w, https:\/\/sabers-and-cloaks.de\/wp-content\/uploads\/2025\/09\/15-300x300.png 300w, https:\/\/sabers-and-cloaks.de\/wp-content\/uploads\/2025\/09\/15-150x150.png 150w, https:\/\/sabers-and-cloaks.de\/wp-content\/uploads\/2025\/09\/15-1024x1024.png 1024w, https:\/\/sabers-and-cloaks.de\/wp-content\/uploads\/2025\/09\/15-768x768.png 768w, https:\/\/sabers-and-cloaks.de\/wp-content\/uploads\/2025\/09\/15-990x990.png 990w, https:\/\/sabers-and-cloaks.de\/wp-content\/uploads\/2025\/09\/15-441x441.png 441w, https:\/\/sabers-and-cloaks.de\/wp-content\/uploads\/2025\/09\/15-1320x1320.png 1320w, https:\/\/sabers-and-cloaks.de\/wp-content\/uploads\/2025\/09\/15-50x50.png 50w, https:\/\/sabers-and-cloaks.de\/wp-content\/uploads\/2025\/09\/15-100x100.png 100w, https:\/\/sabers-and-cloaks.de\/wp-content\/uploads\/2025\/09\/15.png 1500w","sizes":"(max-width: 1200px) 100vw, 1200px","full_src":"https:\/\/sabers-and-cloaks.de\/wp-content\/uploads\/2025\/09\/15.png","full_src_w":1500,"full_src_h":1500,"gallery_thumbnail_src":"https:\/\/sabers-and-cloaks.de\/wp-content\/uploads\/2025\/09\/15.png","gallery_thumbnail_src_w":150,"gallery_thumbnail_src_h":150,"thumb_src":"https:\/\/sabers-and-cloaks.de\/wp-content\/uploads\/2025\/09\/15-300x300.png","thumb_src_w":300,"thumb_src_h":300,"src_w":1200,"src_h":1200,"image_id":"26745"}},{"label":"Supernova","value":"26709","selected":false,"tempId":"aco_1738","gt_translate_keys":["label"],"stock_status":"instock","image":"https:\/\/sabers-and-cloaks.de\/wp-content\/uploads\/2025\/09\/8.png","thumb_src":"https:\/\/sabers-and-cloaks.de\/wp-content\/uploads\/2025\/09\/8-100x100.png","image_id":"26716","productImage":{"title":"8","caption":"","url":"https:\/\/sabers-and-cloaks.de\/wp-content\/uploads\/2025\/09\/8.png","alt":"8","src":"https:\/\/sabers-and-cloaks.de\/wp-content\/uploads\/2025\/09\/8-1200x1200.png","srcset":"https:\/\/sabers-and-cloaks.de\/wp-content\/uploads\/2025\/09\/8-1200x1200.png 1200w, https:\/\/sabers-and-cloaks.de\/wp-content\/uploads\/2025\/09\/8-300x300.png 300w, https:\/\/sabers-and-cloaks.de\/wp-content\/uploads\/2025\/09\/8-150x150.png 150w, https:\/\/sabers-and-cloaks.de\/wp-content\/uploads\/2025\/09\/8-1024x1024.png 1024w, https:\/\/sabers-and-cloaks.de\/wp-content\/uploads\/2025\/09\/8-768x768.png 768w, https:\/\/sabers-and-cloaks.de\/wp-content\/uploads\/2025\/09\/8-990x990.png 990w, https:\/\/sabers-and-cloaks.de\/wp-content\/uploads\/2025\/09\/8-441x441.png 441w, https:\/\/sabers-and-cloaks.de\/wp-content\/uploads\/2025\/09\/8-1320x1320.png 1320w, https:\/\/sabers-and-cloaks.de\/wp-content\/uploads\/2025\/09\/8-50x50.png 50w, https:\/\/sabers-and-cloaks.de\/wp-content\/uploads\/2025\/09\/8-100x100.png 100w, https:\/\/sabers-and-cloaks.de\/wp-content\/uploads\/2025\/09\/8.png 1500w","sizes":"(max-width: 1200px) 100vw, 1200px","full_src":"https:\/\/sabers-and-cloaks.de\/wp-content\/uploads\/2025\/09\/8.png","full_src_w":1500,"full_src_h":1500,"gallery_thumbnail_src":"https:\/\/sabers-and-cloaks.de\/wp-content\/uploads\/2025\/09\/8.png","gallery_thumbnail_src_w":150,"gallery_thumbnail_src_h":150,"thumb_src":"https:\/\/sabers-and-cloaks.de\/wp-content\/uploads\/2025\/09\/8-300x300.png","thumb_src_w":300,"thumb_src_h":300,"src_w":1200,"src_h":1200,"image_id":"26716"}}],"isWeightTemplate":false,"error":false,"isTemplate":false,"img_selection_type":"tick","disp_type":"squircle","img_preview_disable_mobile":true,"disp_size_img":{"width":"100","height":"100"},"layOut":"col-3","checkUi":"","min_quantity":"1","quantity_decimal":false,"quantity_step":"1","quantity_label":"Quantity","repeater_field_label":"{field_label}","repeater_bind":"","show_image":true,"enable_popup":"no","enableDesign":false,"scrollBar":false,"show_as_product_image":true,"multiple":true,"custom_label":true,"priceOptions":"fixed_for_all","pricingType":"fixed","description":"","tooltip":"Zus\u00e4tzliche Sound-Erweiterungen f\u00fcr dein Lichtschwert","img_preview":false,"options_tooltip":false,"gt_translate_keys":["label","description","tooltip","repeater_field_label","quantity_label"],"price_dependency":false,"cl_dependency":false,"value":""}]]},"sec_167d2dcab61d33":{"extra":{"key":"sec_167d2dcab61d33","section_id":"sec_167d2dcab61d33","name":"Default","status":1,"cl_rule":"show","enableCl":false,"relations":[],"toggle":true,"title_tag":"h3","show_title":false,"showPrice":"default","form_id":22208,"form_rules":{"exclude_from_discount":false,"fee_label":"Geb\u00fchr","disp_hide_options_price":false,"disp_show_section_price":false,"disp_show_field_price":true,"layout_option":"standard","pric_use_as_fee":false,"process_fee_as":"woo_fee"},"layout_option":"standard"},"fields":[[{"active":true,"col":6,"relations":[{"operator":"or","rules":[{"operator":"or","rules":{"cl_field":"product_ids","cl_relation":"is","cl_val":16835,"cl_field_sub":""}},{"operator":"or","rules":{"cl_field":"product_ids","cl_relation":"is","cl_val":16753}},{"operator":"or","rules":{"cl_field":"product_ids","cl_relation":"is","cl_val":16738}},{"operator":"or","rules":{"cl_field":"product_ids","cl_relation":"is","cl_val":17282}},{"operator":"or","rules":{"cl_field":"product_ids","cl_relation":"is","cl_val":21846}},{"operator":"AND","rules":{"cl_field":"product_ids","cl_relation":"is","cl_val":25505}}]}],"cl_rule":"hide","enableCl":true,"price":"","enablePrice":false,"className":"","label_position":"default","desc_position":"default","type":"select","required":false,"elementId":"select_8723212541","label":"Longueur de la lame","name":"select_8723212541","values":[{"label":"92 cm (standard)","value":"92 cm (Standard)","selected":true,"tempId":"aco_58","options_cl":false,"relations":[{"operator":false,"rules":[{"operator":"AND","rules":{"cl_field":"","cl_relation":"","cl_val":""}}]}],"cl_rule":"show","gt_translate_keys":["label"]},{"label":"72 cm","value":"72 cm","selected":false,"tempId":"aco_46","gt_translate_keys":["label"]},{"label":"52 cm (nur RGB)","value":"52 cm (nur RGB)","selected":false,"tempId":"aco_60","gt_translate_keys":["label"]}],"dropdown_type":"basic","error":false,"mapToCheckout":false,"tooltip":"92 cm est la longueur standard (pr\u00e9cise pour le film).<br \/>\n52 cm est disponible uniquement pour les sabres laser RGB.","isWeightTemplate":false,"isTemplate":false,"min_quantity":"1","quantity_decimal":false,"quantity_step":"1","quantity_label":"Quantity","repeater_field_label":"{field_label}","repeater_bind":"","gt_translate_keys":["label","tooltip","repeater_field_label","quantity_label"],"price_dependency":false,"cl_dependency":false,"value":""}]]}},"config":{"price_override":"","enable_recaptcha":false,"bind_quantity":false,"quantity_bind_formula":false,"disp_summ_show_option_price":true,"disp_summ_show_product_price":true,"disp_summ_show_total_price":true,"disp_summ_show_fee":false,"disp_summ_show_discount":false,"summary_title":"","options_total_label":"Prix de l'option","total_label":"Total","options_product_label":"Prix du produit","fee_label":"Geb\u00fchr","discount_label":"Rabatt","has_price":true,"has_quantity_formula":false},"mc_unit":1,"tax_rate":1,"tax_rate_real":0.081,"discount":{"percentage":0,"fixed":0},"design":{"conf":{"LabelPosition":"left","DescPosition":"above","UploadField":"custom_1","QuantityFieldStyle":"default"},"css":{"LeftLabelWidth":"120px"}},"formulas":[],"lookuptables":[],"clones":false,"cartKey":false}},"_links":{"self":[{"href":"https:\/\/sabers-and-cloaks.de\/fr\/wp-json\/wp\/v2\/product\/36265","targetHints":{"allow":["GET"]}}],"collection":[{"href":"https:\/\/sabers-and-cloaks.de\/fr\/wp-json\/wp\/v2\/product"}],"about":[{"href":"https:\/\/sabers-and-cloaks.de\/fr\/wp-json\/wp\/v2\/types\/product"}],"version-history":[{"count":1,"href":"https:\/\/sabers-and-cloaks.de\/fr\/wp-json\/wp\/v2\/product\/36265\/revisions"}],"predecessor-version":[{"id":36291,"href":"https:\/\/sabers-and-cloaks.de\/fr\/wp-json\/wp\/v2\/product\/36265\/revisions\/36291"}],"wp:featuredmedia":[{"embeddable":true,"href":"https:\/\/sabers-and-cloaks.de\/fr\/wp-json\/wp\/v2\/media\/35644"}],"wp:attachment":[{"href":"https:\/\/sabers-and-cloaks.de\/fr\/wp-json\/wp\/v2\/media?parent=36265"}],"wp:term":[{"taxonomy":"produkt-filter","embeddable":true,"href":"https:\/\/sabers-and-cloaks.de\/fr\/wp-json\/wp\/v2\/produkt-filter?post=36265"},{"taxonomy":"product_brand","embeddable":true,"href":"https:\/\/sabers-and-cloaks.de\/fr\/wp-json\/wp\/v2\/product_brand?post=36265"},{"taxonomy":"product_cat","embeddable":true,"href":"https:\/\/sabers-and-cloaks.de\/fr\/wp-json\/wp\/v2\/product_cat?post=36265"},{"taxonomy":"product_tag","embeddable":true,"href":"https:\/\/sabers-and-cloaks.de\/fr\/wp-json\/wp\/v2\/product_tag?post=36265"}],"curies":[{"name":"wp","href":"https:\/\/api.w.org\/{rel}","templated":true}]}}