{"id":23078,"date":"2025-05-22T22:42:45","date_gmt":"2025-05-22T20:42:45","guid":{"rendered":"https:\/\/swisssabers.ch\/shop\/anakin-se-simplified-edition-lichtschwert\/"},"modified":"2025-07-02T00:01:57","modified_gmt":"2025-07-01T22:01:57","slug":"anakin-se-simplified-edition-lichtschwert","status":"publish","type":"product","link":"https:\/\/sabers-and-cloaks.de\/it\/shop\/anakin-se-simplified-edition-lichtschwert\/","title":{"rendered":"Spada Laser Anakin\n  SE | Edizione Semplificata"},"content":{"rendered":"<p>Le nostre spade laser sono caratterizzate da una lavorazione di alta qualit\u00e0. L\u2019impugnatura \u00e8 in metallo (lega di alluminio) e la lama \u00e8 in robusto policarbonato. Il design ergonomico consente un\u2019oscillazione precisa e senza sforzo. Hanno molti colori di lama, caratteri sonori, modalit\u00e0 ed effetti regolabili. Sono ideali per tutti i fan di Star Wars, sia Jedi che Sith, per i cosplayer o semplicemente per l\u2019esposizione e la decorazione di collezionisti e appassionati.     La versione RGB pu\u00f2 essere utilizzata anche per i duelli.<\/p>\n<ul>\n<li>16\/34+ (RGB\/pixel) font audio preinstallati<\/li>\n<li>Colori delle lame regolabili illimitati<\/li>\n<li>Tavola armonica sensibile Smooth Swing<\/li>\n<li>Connettiti con l\u2019app e regola le impostazioni con lo smartphone<\/li>\n<li>Batteria agli ioni di litio ricaricabile e sostituibile<\/li>\n<li>Manico: alluminio, lungo 28 cm<\/li>\n<li>Lama: policarbonato a diffusione luminosa (PC), lunga 92 cm e con un diametro di 1\u2033 (2,54 cm).<\/li>\n<li>Pu\u00f2 essere collegata per formare una spada laser a doppia lama: No<\/li>\n<li>Pu\u00f2 essere attaccato alla fibbia della cintura: S\u00ec (l\u2019anello di trasporto \u00e8 gi\u00e0 installato)<\/li>\n<\/ul>\n<p>Questo modello \u00e8 disponibile in due versioni. Puoi trovare maggiori informazioni alla pagina<a href=\"https:\/\/sabers-and-cloaks.de\/it\/rgb-o-pixel\/\">\u201cRGB o Pixel?<\/a>\u201c. <\/p>\n<p><u>La consegna comprende:<\/u> impugnatura della spada laser, <em>lama<\/em> <em>RGB<\/em>o <em>Neopixel<\/em>, caricabatterie e cavo di ricarica, istruzioni per l\u2019uso, viti per il montaggio + viti di ricambio, utensile (chiave a brugola), scheda SD con adattatore USB (solo Pixel).<\/p>\n<hr>\n<h4 style=\"text-align: left;\"><strong>Sensibile oscillazione liscia<\/strong>:<\/h4>\n<p style=\"text-align: left; padding-left: 40px;\">La spada laser reagisce alle oscillazioni e agli impatti con suoni ed effetti realistici.<\/p>\n<h4 style=\"text-align: left;\"><strong>Colori delle lame regolabili<\/strong>:<\/h4>\n<p style=\"text-align: left; padding-left: 40px;\">Personalizza il colore della lama come desideri (rosso, blu, verde, viola, giallo, bianco e molto altro).<\/p>\n<h4 style=\"text-align: left;\"><strong>Font sonore coinvolgenti<\/strong>:<\/h4>\n<p style=\"text-align: left; padding-left: 40px;\">Scegli tra 16 (RGB) e 34+ (Neopixel) font sonori o aggiungine di tuoi (la versione RGB richiede una scheda SD separata, gi\u00e0 disponibile per la versione Pixel).<\/p>\n<h4 style=\"text-align: left;\"><strong>Suoni ed effetti sonori<\/strong>:<\/h4>\n<p style=\"text-align: left; padding-left: 40px;\">Blocco, difesa da blaster, effetti sonori per gli impatti, volume regolabile e molto altro ancora.<\/p>\n<h4 style=\"text-align: left;\"><strong>Collegati allo smartphone<\/strong>:<\/h4>\n<p style=\"text-align: left; padding-left: 40px;\">Collega la tua spada laser via Bluetooth e regola i caratteri sonori, i colori della lama e altre impostazioni tramite l\u2019app.<\/p>\n<h4 style=\"text-align: left;\"><strong>Controlli di movimento<\/strong>:<\/h4>\n<p style=\"text-align: left; padding-left: 40px;\">Per accendere la spada laser usa i gesti di movimento, come girare o spingere in avanti.<\/p>\n<h4 style=\"text-align: left;\"><strong>Batteria ricaricabile<\/strong>:<\/h4>\n<p style=\"text-align: left; padding-left: 40px;\">La batteria integrata agli ioni di litio pu\u00f2 essere facilmente ricaricata con il cavo di ricarica in dotazione.<\/p>\n<h4 style=\"text-align: left;\"><strong>Robusto manico in alluminio:<\/strong><\/h4>\n<p style=\"text-align: left; padding-left: 40px;\">Ogni impugnatura \u00e8 realizzata in lega di alluminio, il che rende la spada laser particolarmente pregiata e resistente.<\/p>\n<h4 style=\"text-align: left;\"><strong>Lama in policarbonato<\/strong>:<\/h4>\n<p style=\"text-align: left; padding-left: 40px;\">Se vuoi combattere un duello, la versione RGB \u00e8 la scelta migliore grazie alla sua robusta lama in policarbonato. La versione Pixel \u00e8 pi\u00f9 fragile a causa dei LED installati al suo interno e quindi non \u00e8 adatta ai combattimenti. <\/p>\n","protected":false},"excerpt":{"rendered":"<p>Le nostre spade laser sono caratterizzate da una lavorazione di alta qualit\u00e0. L\u2019impugnatura \u00e8 in metallo (lega di alluminio) e la lama \u00e8 in robusto policarbonato. Il design ergonomico consente un\u2019oscillazione precisa e senza sforzo. Hanno molti colori di lama, caratteri sonori, modalit\u00e0 ed effetti regolabili. Sono ideali per tutti i fan di Star Wars, [&hellip;]<\/p>\n","protected":false},"featured_media":23087,"template":"","meta":{"_acf_changed":false,"wds_primary_product_brand":0,"wds_primary_product_cat":0},"produkt-filter":[406,397,401,410,415],"product_brand":[],"product_cat":[344,363,334],"product_tag":[],"class_list":{"0":"post-23078","1":"product","2":"type-product","3":"status-publish","4":"has-post-thumbnail","6":"produkt-filter-kampftauglich-rgb-it","7":"produkt-filter-custom-lichtschwerter-it","8":"produkt-filter-replika-lichtschwerter-it","9":"produkt-filter-helle-seite-it","10":"produkt-filter-prequels-it","11":"product_cat-startseite-it-2","12":"product_cat-ohne-koffer-it","13":"product_cat-spade-da-combattimento","14":"pa_version-rgb-it","15":"pa_version-pixel-it","16":"wcpa_has_options","18":"first","19":"onbackorder","20":"taxable","21":"shipping-taxable","22":"purchasable","23":"product-type-variable","24":"has-default-attributes"},"acf":[],"wcpa_form_fields":{"wcpaData":{"product":{"product_price":199,"price_html":"da <span class=\"woocommerce-Price-amount amount\"><bdi><span class=\"woocommerce-Price-currencySymbol\">&euro;<\/span>&nbsp;199.00<\/bdi><\/span>","original_product_price":199,"price_including_tax":199,"price_excluding_tax":184.088807,"product_id":{"parent":23078,"variation":false},"is_variable":true,"stock_status":"onbackorder","stock_quantity":null,"parent_sku":"","product_attributes":{"pa_version":{"is_variation":true,"values":[]}},"custom_fields":[],"is_taxable":true,"product_name":"Spada Laser Anakin\n  SE | Edizione Semplificata","hasImage":false},"fields":{"sec_969e21ab940a73":{"extra":{"key":"sec_969e21ab940a73","section_id":"sec_969e21ab940a73","name":"New Section","status":1,"cl_rule":"show","enableCl":false,"relations":[],"toggle":true,"title_tag":"h4","show_title":false,"showPrice":"default","repeater_section_field_label":"{field_label}","repeater_section_label":"{section_name}","repeater_bind":"","form_id":35564,"form_rules":{"exclude_from_discount":false,"fee_label":"Geb\u00fchr","disp_hide_options_price":false,"disp_show_section_price":false,"disp_show_field_price":true,"layout_option":"standard","pric_use_as_fee":false,"process_fee_as":"woo_fee"},"layout_option":"standard"},"fields":[[{"active":true,"col":3,"relations":[{"operator":false,"rules":[{"operator":"AND","rules":{"cl_field":"attribute","cl_relation":"is","cl_val":"pixel-it","cl_field_sub":"pa_version"}}]}],"cl_rule":"show","enableCl":true,"price":"10","enablePrice":true,"className":"","label_position":"default","desc_position":"default","type":"productGroup","required":false,"elementId":"product_group_4268415771","name":"product_group_4268415771","label":"Soundfonts","values":[{"label":"Cindarion","value":"26725","selected":false,"tempId":"aco_181","gt_translate_keys":["label"],"stock_status":"instock","image":"https:\/\/sabers-and-cloaks.de\/wp-content\/uploads\/2025\/09\/10.png","thumb_src":"https:\/\/sabers-and-cloaks.de\/wp-content\/uploads\/2025\/09\/10-100x100.png","image_id":"26726","productImage":{"title":"10","caption":"","url":"https:\/\/sabers-and-cloaks.de\/wp-content\/uploads\/2025\/09\/10.png","alt":"10","src":"https:\/\/sabers-and-cloaks.de\/wp-content\/uploads\/2025\/09\/10-1200x1200.png","srcset":"https:\/\/sabers-and-cloaks.de\/wp-content\/uploads\/2025\/09\/10-1200x1200.png 1200w, https:\/\/sabers-and-cloaks.de\/wp-content\/uploads\/2025\/09\/10-300x300.png 300w, https:\/\/sabers-and-cloaks.de\/wp-content\/uploads\/2025\/09\/10-150x150.png 150w, https:\/\/sabers-and-cloaks.de\/wp-content\/uploads\/2025\/09\/10-1024x1024.png 1024w, https:\/\/sabers-and-cloaks.de\/wp-content\/uploads\/2025\/09\/10-768x768.png 768w, https:\/\/sabers-and-cloaks.de\/wp-content\/uploads\/2025\/09\/10-990x990.png 990w, https:\/\/sabers-and-cloaks.de\/wp-content\/uploads\/2025\/09\/10-441x441.png 441w, https:\/\/sabers-and-cloaks.de\/wp-content\/uploads\/2025\/09\/10-1320x1320.png 1320w, https:\/\/sabers-and-cloaks.de\/wp-content\/uploads\/2025\/09\/10-50x50.png 50w, https:\/\/sabers-and-cloaks.de\/wp-content\/uploads\/2025\/09\/10-100x100.png 100w, https:\/\/sabers-and-cloaks.de\/wp-content\/uploads\/2025\/09\/10.png 1500w","sizes":"(max-width: 1200px) 100vw, 1200px","full_src":"https:\/\/sabers-and-cloaks.de\/wp-content\/uploads\/2025\/09\/10.png","full_src_w":1500,"full_src_h":1500,"gallery_thumbnail_src":"https:\/\/sabers-and-cloaks.de\/wp-content\/uploads\/2025\/09\/10.png","gallery_thumbnail_src_w":150,"gallery_thumbnail_src_h":150,"thumb_src":"https:\/\/sabers-and-cloaks.de\/wp-content\/uploads\/2025\/09\/10-300x300.png","thumb_src_w":300,"thumb_src_h":300,"src_w":1200,"src_h":1200,"image_id":"26726"}},{"label":"God Of Thunder","value":"26741","selected":false,"tempId":"aco_256","gt_translate_keys":["label"],"stock_status":"instock","image":"https:\/\/sabers-and-cloaks.de\/wp-content\/uploads\/2025\/09\/15.png","thumb_src":"https:\/\/sabers-and-cloaks.de\/wp-content\/uploads\/2025\/09\/15-100x100.png","image_id":"26742","productImage":{"title":"15","caption":"","url":"https:\/\/sabers-and-cloaks.de\/wp-content\/uploads\/2025\/09\/15.png","alt":"15","src":"https:\/\/sabers-and-cloaks.de\/wp-content\/uploads\/2025\/09\/15-1200x1200.png","srcset":"https:\/\/sabers-and-cloaks.de\/wp-content\/uploads\/2025\/09\/15-1200x1200.png 1200w, https:\/\/sabers-and-cloaks.de\/wp-content\/uploads\/2025\/09\/15-300x300.png 300w, https:\/\/sabers-and-cloaks.de\/wp-content\/uploads\/2025\/09\/15-150x150.png 150w, https:\/\/sabers-and-cloaks.de\/wp-content\/uploads\/2025\/09\/15-1024x1024.png 1024w, https:\/\/sabers-and-cloaks.de\/wp-content\/uploads\/2025\/09\/15-768x768.png 768w, https:\/\/sabers-and-cloaks.de\/wp-content\/uploads\/2025\/09\/15-990x990.png 990w, https:\/\/sabers-and-cloaks.de\/wp-content\/uploads\/2025\/09\/15-441x441.png 441w, https:\/\/sabers-and-cloaks.de\/wp-content\/uploads\/2025\/09\/15-1320x1320.png 1320w, https:\/\/sabers-and-cloaks.de\/wp-content\/uploads\/2025\/09\/15-50x50.png 50w, https:\/\/sabers-and-cloaks.de\/wp-content\/uploads\/2025\/09\/15-100x100.png 100w, https:\/\/sabers-and-cloaks.de\/wp-content\/uploads\/2025\/09\/15.png 1500w","sizes":"(max-width: 1200px) 100vw, 1200px","full_src":"https:\/\/sabers-and-cloaks.de\/wp-content\/uploads\/2025\/09\/15.png","full_src_w":1500,"full_src_h":1500,"gallery_thumbnail_src":"https:\/\/sabers-and-cloaks.de\/wp-content\/uploads\/2025\/09\/15.png","gallery_thumbnail_src_w":150,"gallery_thumbnail_src_h":150,"thumb_src":"https:\/\/sabers-and-cloaks.de\/wp-content\/uploads\/2025\/09\/15-300x300.png","thumb_src_w":300,"thumb_src_h":300,"src_w":1200,"src_h":1200,"image_id":"26742"}},{"label":"Supernova","value":"26707","selected":false,"tempId":"aco_1738","gt_translate_keys":["label"],"stock_status":"instock","image":"https:\/\/sabers-and-cloaks.de\/wp-content\/uploads\/2025\/09\/8.png","thumb_src":"https:\/\/sabers-and-cloaks.de\/wp-content\/uploads\/2025\/09\/8-100x100.png","image_id":"26711","productImage":{"title":"8","caption":"","url":"https:\/\/sabers-and-cloaks.de\/wp-content\/uploads\/2025\/09\/8.png","alt":"8","src":"https:\/\/sabers-and-cloaks.de\/wp-content\/uploads\/2025\/09\/8-1200x1200.png","srcset":"https:\/\/sabers-and-cloaks.de\/wp-content\/uploads\/2025\/09\/8-1200x1200.png 1200w, https:\/\/sabers-and-cloaks.de\/wp-content\/uploads\/2025\/09\/8-300x300.png 300w, https:\/\/sabers-and-cloaks.de\/wp-content\/uploads\/2025\/09\/8-150x150.png 150w, https:\/\/sabers-and-cloaks.de\/wp-content\/uploads\/2025\/09\/8-1024x1024.png 1024w, https:\/\/sabers-and-cloaks.de\/wp-content\/uploads\/2025\/09\/8-768x768.png 768w, https:\/\/sabers-and-cloaks.de\/wp-content\/uploads\/2025\/09\/8-990x990.png 990w, https:\/\/sabers-and-cloaks.de\/wp-content\/uploads\/2025\/09\/8-441x441.png 441w, https:\/\/sabers-and-cloaks.de\/wp-content\/uploads\/2025\/09\/8-1320x1320.png 1320w, https:\/\/sabers-and-cloaks.de\/wp-content\/uploads\/2025\/09\/8-50x50.png 50w, https:\/\/sabers-and-cloaks.de\/wp-content\/uploads\/2025\/09\/8-100x100.png 100w, https:\/\/sabers-and-cloaks.de\/wp-content\/uploads\/2025\/09\/8.png 1500w","sizes":"(max-width: 1200px) 100vw, 1200px","full_src":"https:\/\/sabers-and-cloaks.de\/wp-content\/uploads\/2025\/09\/8.png","full_src_w":1500,"full_src_h":1500,"gallery_thumbnail_src":"https:\/\/sabers-and-cloaks.de\/wp-content\/uploads\/2025\/09\/8.png","gallery_thumbnail_src_w":150,"gallery_thumbnail_src_h":150,"thumb_src":"https:\/\/sabers-and-cloaks.de\/wp-content\/uploads\/2025\/09\/8-300x300.png","thumb_src_w":300,"thumb_src_h":300,"src_w":1200,"src_h":1200,"image_id":"26711"}}],"isWeightTemplate":false,"error":false,"isTemplate":false,"img_selection_type":"tick","disp_type":"squircle","img_preview_disable_mobile":true,"disp_size_img":{"width":"100","height":"100"},"layOut":"col-3","checkUi":"","min_quantity":"1","quantity_decimal":false,"quantity_step":"1","quantity_label":"Quantity","repeater_field_label":"{field_label}","repeater_bind":"","show_image":true,"enable_popup":"no","enableDesign":false,"scrollBar":false,"show_as_product_image":true,"multiple":true,"custom_label":true,"priceOptions":"fixed_for_all","pricingType":"fixed","description":"","tooltip":"Zus\u00e4tzliche Sound-Erweiterungen f\u00fcr dein Lichtschwert","img_preview":false,"options_tooltip":false,"gt_translate_keys":["label","description","tooltip","repeater_field_label","quantity_label"],"price_dependency":false,"cl_dependency":false,"value":""}]]},"sec_867d2e3cf793f5":{"extra":{"key":"sec_867d2e3cf793f5","section_id":"sec_867d2e3cf793f5","name":"Default","status":1,"cl_rule":"show","enableCl":false,"relations":[],"toggle":true,"title_tag":"h3","show_title":false,"showPrice":"default","form_id":22206,"form_rules":{"exclude_from_discount":false,"fee_label":"Geb\u00fchr","disp_hide_options_price":false,"disp_show_section_price":false,"disp_show_field_price":true,"layout_option":"standard","pric_use_as_fee":false,"process_fee_as":"woo_fee"},"layout_option":"standard"},"fields":[[{"active":true,"col":5,"relations":false,"cl_rule":"show","enableCl":false,"price":"","enablePrice":true,"className":"","label_position":"default","desc_position":"default","type":"image-group","required":false,"elementId":"image_1429953213","label":"Imballaggio","name":"image_1429953213","enable_popup":"all","multiple":false,"layOut":"col-2","img_selection_type":"tick","disp_type":"squircle","values":[{"label":"Scatola di cartone","value":"Kartonbox","selected":false,"image":"https:\/\/sabers-and-cloaks.de\/wp-content\/uploads\/2024\/06\/Karton.webp","thumb":"https:\/\/sabers-and-cloaks.de\/wp-content\/uploads\/2024\/06\/Karton-150x150.webp","tempId":"aco_5640","image_id":10601,"price":"0","thumb_src":"https:\/\/sabers-and-cloaks.de\/wp-content\/uploads\/2024\/06\/Karton-100x100.webp","gt_translate_keys":["label"]},{"label":"Custodia premium","value":"Premium Koffer","selected":false,"image":"https:\/\/sabers-and-cloaks.de\/wp-content\/uploads\/2025\/03\/Koffer-1.png","thumb":"https:\/\/sabers-and-cloaks.de\/wp-content\/uploads\/2025\/03\/Koffer-1-150x150.png","tempId":"aco_5641","image_id":21763,"price":"99","thumb_src":"https:\/\/sabers-and-cloaks.de\/wp-content\/uploads\/2025\/03\/Koffer-1-150x150.png","gt_translate_keys":["label"]}],"disp_size_img":{"width":75,"height":75},"error":false,"description":"","tooltip":"Questo prodotto viene fornito di serie in una scatola di cartone. Su richiesta, puoi effettuare l'upgrade alla elegante custodia premium.","priceOptions":"different_for_all","pricingType":"fixed","hideImageIn_cart":true,"hideImageIn_order":true,"hideImageIn_email":true,"gt_translate_keys":["label","description","tooltip"],"price_dependency":false,"cl_dependency":false,"value":""}]]},"sec_167d2dcab61d33":{"extra":{"key":"sec_167d2dcab61d33","section_id":"sec_167d2dcab61d33","name":"Default","status":1,"cl_rule":"show","enableCl":false,"relations":[],"toggle":true,"title_tag":"h3","show_title":false,"showPrice":"default","form_id":22209,"form_rules":{"exclude_from_discount":false,"fee_label":"Geb\u00fchr","disp_hide_options_price":false,"disp_show_section_price":false,"disp_show_field_price":true,"layout_option":"standard","pric_use_as_fee":false,"process_fee_as":"woo_fee"},"layout_option":"standard"},"fields":[[{"active":true,"col":6,"relations":[{"operator":"or","rules":[{"operator":"or","rules":{"cl_field":"product_ids","cl_relation":"is","cl_val":16829,"cl_field_sub":""}},{"operator":"or","rules":{"cl_field":"product_ids","cl_relation":"is","cl_val":16742}},{"operator":"or","rules":{"cl_field":"product_ids","cl_relation":"is","cl_val":16729}},{"operator":"or","rules":{"cl_field":"product_ids","cl_relation":"is","cl_val":17038}},{"operator":"or","rules":{"cl_field":"product_ids","cl_relation":"is","cl_val":21951}},{"operator":"AND","rules":{"cl_field":"product_ids","cl_relation":"is","cl_val":25515}}]}],"cl_rule":"hide","enableCl":true,"price":"","enablePrice":false,"className":"","label_position":"default","desc_position":"default","type":"select","required":false,"elementId":"select_8723212541","label":"Lunghezza della lama","name":"select_8723212541","values":[{"label":"92 cm (standard)","value":"92 cm (Standard)","selected":true,"tempId":"aco_58","options_cl":false,"relations":[{"operator":false,"rules":[{"operator":"AND","rules":{"cl_field":"","cl_relation":"","cl_val":""}}]}],"cl_rule":"show","gt_translate_keys":["label"]},{"label":"72 cm","value":"72 cm","selected":false,"tempId":"aco_46","gt_translate_keys":["label"]},{"label":"52 cm (nur RGB)","value":"52 cm (nur RGB)","selected":false,"tempId":"aco_60","gt_translate_keys":["label"]}],"dropdown_type":"basic","error":false,"mapToCheckout":false,"tooltip":"92 cm \u00e8 la lunghezza standard (accurata per il film).<br \/>\n52 cm \u00e8 disponibile solo per le spade laser RGB.","isWeightTemplate":false,"isTemplate":false,"min_quantity":"1","quantity_decimal":false,"quantity_step":"1","quantity_label":"Quantity","repeater_field_label":"{field_label}","repeater_bind":"","gt_translate_keys":["label","tooltip","repeater_field_label","quantity_label"],"price_dependency":false,"cl_dependency":false,"value":""}]]}},"config":{"price_override":"","enable_recaptcha":false,"bind_quantity":false,"quantity_bind_formula":false,"disp_summ_show_option_price":true,"disp_summ_show_product_price":true,"disp_summ_show_total_price":true,"disp_summ_show_fee":false,"disp_summ_show_discount":false,"summary_title":"","options_total_label":"Prezzo dell'opzione","total_label":"Totale","options_product_label":"Prezzo del prodotto","fee_label":"Geb\u00fchr","discount_label":"Rabatt","has_price":true,"has_quantity_formula":false},"mc_unit":1,"tax_rate":1,"tax_rate_real":0.081,"discount":{"percentage":0,"fixed":0},"design":{"conf":{"LabelPosition":"left","DescPosition":"above","UploadField":"custom_1","QuantityFieldStyle":"default"},"css":{"LeftLabelWidth":"120px"}},"formulas":[],"lookuptables":[],"clones":false,"cartKey":false}},"_links":{"self":[{"href":"https:\/\/sabers-and-cloaks.de\/it\/wp-json\/wp\/v2\/product\/23078","targetHints":{"allow":["GET"]}}],"collection":[{"href":"https:\/\/sabers-and-cloaks.de\/it\/wp-json\/wp\/v2\/product"}],"about":[{"href":"https:\/\/sabers-and-cloaks.de\/it\/wp-json\/wp\/v2\/types\/product"}],"version-history":[{"count":1,"href":"https:\/\/sabers-and-cloaks.de\/it\/wp-json\/wp\/v2\/product\/23078\/revisions"}],"predecessor-version":[{"id":24246,"href":"https:\/\/sabers-and-cloaks.de\/it\/wp-json\/wp\/v2\/product\/23078\/revisions\/24246"}],"wp:featuredmedia":[{"embeddable":true,"href":"https:\/\/sabers-and-cloaks.de\/it\/wp-json\/wp\/v2\/media\/23087"}],"wp:attachment":[{"href":"https:\/\/sabers-and-cloaks.de\/it\/wp-json\/wp\/v2\/media?parent=23078"}],"wp:term":[{"taxonomy":"produkt-filter","embeddable":true,"href":"https:\/\/sabers-and-cloaks.de\/it\/wp-json\/wp\/v2\/produkt-filter?post=23078"},{"taxonomy":"product_brand","embeddable":true,"href":"https:\/\/sabers-and-cloaks.de\/it\/wp-json\/wp\/v2\/product_brand?post=23078"},{"taxonomy":"product_cat","embeddable":true,"href":"https:\/\/sabers-and-cloaks.de\/it\/wp-json\/wp\/v2\/product_cat?post=23078"},{"taxonomy":"product_tag","embeddable":true,"href":"https:\/\/sabers-and-cloaks.de\/it\/wp-json\/wp\/v2\/product_tag?post=23078"}],"curies":[{"name":"wp","href":"https:\/\/api.w.org\/{rel}","templated":true}]}}