{"id":36292,"date":"2026-04-20T13:38:43","date_gmt":"2026-04-20T11:38:43","guid":{"rendered":"https:\/\/sabers-and-cloaks.de\/?post_type=product&#038;p=36292"},"modified":"2026-05-07T11:08:15","modified_gmt":"2026-05-07T09:08:15","slug":"doppia-spada-laser-sith-no","status":"publish","type":"product","link":"https:\/\/sabers-and-cloaks.de\/it\/shop\/doppia-spada-laser-sith-no\/","title":{"rendered":"Doppia spada laser Sith? No"},"content":{"rendered":"\n<p>I nostri sabrolaser si distinguono per un\u2019alta qualit\u00e0 di lavorazione. L\u2019impugnatura \u00e8 in metallo (lega di alluminio), mentre la lama \u00e8 in policarbonato robusto. Puoi scegliere tra tantissimi colori lama regolabili, soundfont, modalit\u00e0 ed effetti. Sono perfetti per tutti i fan di Star Wars, sia che tu sia Jedi o Sith, per i cosplayer o semplicemente per l\u2019esposizione e la decorazione di collezionisti e appassionati.<\/p>\n\n<ul class=\"wp-block-list\">\n<li>Oltre 34 (pixel) soundfont preinstallati<\/li>\n\n\n\n<li>Colori lama illimitatamente regolabili<\/li>\n\n\n\n<li>Sensitive Smooth Swing Soundboard<\/li>\n\n\n\n<li>Collega l\u2019app e regola le impostazioni dallo smartphone<\/li>\n\n\n\n<li>Batteria Li-Ion (ricaricabile e sostituibile)<\/li>\n\n\n\n<li>Impugnatura: alluminio, lunghezza 61 cm (entrambe le impugnature insieme)<\/li>\n\n\n\n<li>Lama: Light Diffusion Polycarbonat, lunga 92 cm e 1\u2033 (2,54 cm) di diametro<\/li>\n\n\n\n<li>Pu\u00f2 essere fissato a una fibbia da cintura: s\u00ec<\/li>\n<\/ul>\n\n<p>Questo modello \u00e8 disponibile solo nella versione Pixel (versione RGB su richiesta). Trovi maggiori informazioni nella pagina \u201cFunzionamento\u201d.<\/p>\n\n<p>Questo sabrolaser viene fornito in un <strong>cofanetto Premium<\/strong> con il seguente contenuto e accessori:<\/p>\n\n<ul class=\"wp-block-list\">\n<li>2x impugnatura sabrolaser con lama<\/li>\n\n\n\n<li><strong>Supporto per sabrolaser<\/strong><\/li>\n\n\n\n<li><strong>2x Blade Plug per l\u2019emitttore della lama<\/strong><\/li>\n\n\n\n<li>2x caricabatterie e cavo di ricarica<\/li>\n\n\n\n<li>Manuale d\u2019istruzioni<\/li>\n\n\n\n<li>Viti per il montaggio + viti di ricambio<\/li>\n\n\n\n<li>Attrezzi<\/li>\n\n\n\n<li>Scheda SD + adattatore USB<\/li>\n<\/ul>\n\n<hr class=\"wp-block-separator has-alpha-channel-opacity\" \/>\n\n<h4 class=\"wp-block-heading\"><strong>Sensitive Smooth Swing<\/strong>:<\/h4>\n\n<p>Il sabrolaser reagisce durante le oscillazioni e agli urti con suoni ed effetti realistici.<\/p>\n\n<h4 class=\"wp-block-heading\"><strong>Colori lama regolabili<\/strong>:<\/h4>\n\n<p>Imposta il colore della lama come preferisci (rosso, blu, verde, viola, giallo, bianco e cos\u00ec via).<\/p>\n\n<h4 class=\"wp-block-heading\"><strong>Immersive Sound-Fonts<\/strong>:<\/h4>\n\n<p>Scegli tra 16 (RGB) e 34+ (Neopixel) soundfont, oppure aggiungine anche di tue (versione RGB: serve una SD card separata; versione Pixel: gi\u00e0 inclusa).<\/p>\n\n<h4 class=\"wp-block-heading\"><strong>Effetti di lama e di suono<\/strong>:<\/h4>\n\n<p>Lockup, respingere un blaster, effetti sonori quando colpisci, volume regolabile e molto altro.<\/p>\n\n<h4 class=\"wp-block-heading\"><strong>Collegalo allo smartphone<\/strong>:<\/h4>\n\n<p>Connetti il tuo sabrolaser via Bluetooth e regola soundfont, colori lama e altre impostazioni tramite app.<\/p>\n\n<h4 class=\"wp-block-heading\"><strong>Motion Controls<\/strong>:<\/h4>\n\n<p>Usa il sabrolaser con gesti di movimento, come ruotarlo o spingerlo in avanti per accenderlo.<\/p>\n\n<h4 class=\"wp-block-heading\"><strong>Batteria ricaricabile<\/strong>:<\/h4>\n\n<p>Con il cavo di ricarica in dotazione puoi ricaricare in modo semplice la batteria Li-Ion installata.<\/p>\n\n<h4 class=\"wp-block-heading\"><strong>Impugnatura robusta in alluminio<\/strong>:<\/h4>\n\n<p>Ogni impugnatura \u00e8 composta da una lega di alluminio, che rende il sabrolaser particolarmente pregiato e resistente.<\/p>\n\n<h4 class=\"wp-block-heading\"><strong>Lama in policarbonato<\/strong>:<\/h4>\n\n<p>Se vuoi duellare, con la versione RGB sei perfettamente equipaggiato grazie alla lama in policarbonato resistente. La versione Pixel, invece, \u00e8 pi\u00f9 fragile a causa dei LED integrati e quindi non \u00e8 adatta al combattimento.<\/p>\n","protected":false},"excerpt":{"rendered":"<p>I nostri sabrolaser si distinguono per un\u2019alta qualit\u00e0 di lavorazione. L\u2019impugnatura \u00e8 in metallo (lega di alluminio), mentre la lama \u00e8 in policarbonato robusto. Puoi scegliere tra tantissimi colori lama regolabili, soundfont, modalit\u00e0 ed effetti. Sono perfetti per tutti i fan di Star Wars, sia che tu sia Jedi o Sith, per i cosplayer o [&hellip;]<\/p>\n","protected":false},"featured_media":35644,"template":"","meta":{"_acf_changed":false,"wds_primary_product_brand":0,"wds_primary_product_cat":0},"produkt-filter":[],"product_brand":[],"product_cat":[],"product_tag":[],"class_list":{"0":"post-36292","1":"product","2":"type-product","3":"status-publish","4":"has-post-thumbnail","6":"wcpa_has_options","8":"first","9":"onbackorder","10":"taxable","11":"shipping-taxable","12":"purchasable","13":"product-type-simple"},"acf":[],"wcpa_form_fields":{"wcpaData":{"product":{"product_price":249,"price_html":"<span class=\"woocommerce-Price-amount amount\"><bdi><span class=\"woocommerce-Price-currencySymbol\">&euro;<\/span>&nbsp;249.00<\/bdi><\/span>","original_product_price":249,"price_including_tax":249,"price_excluding_tax":230.342276,"product_id":{"parent":36292,"variation":false},"is_variable":false,"stock_status":"onbackorder","stock_quantity":null,"parent_sku":"","product_attributes":[],"custom_fields":[],"is_taxable":true,"product_name":"Doppia spada laser Sith? No","hasImage":false},"fields":{"sec_969e21ab940a73":{"extra":{"key":"sec_969e21ab940a73","section_id":"sec_969e21ab940a73","name":"New Section","status":1,"cl_rule":"show","enableCl":false,"relations":[],"toggle":true,"title_tag":"h4","show_title":false,"showPrice":"default","repeater_section_field_label":"{field_label}","repeater_section_label":"{section_name}","repeater_bind":"","form_id":35564,"form_rules":{"exclude_from_discount":false,"fee_label":"Geb\u00fchr","disp_hide_options_price":false,"disp_show_section_price":false,"disp_show_field_price":true,"layout_option":"standard","pric_use_as_fee":false,"process_fee_as":"woo_fee"},"layout_option":"standard"},"fields":[[{"active":true,"col":3,"relations":[{"operator":false,"rules":[{"operator":"AND","rules":{"cl_field":"attribute","cl_relation":"is","cl_val":"pixel-it","cl_field_sub":"pa_version"}}]}],"cl_rule":"show","enableCl":true,"price":"10","enablePrice":true,"className":"","label_position":"default","desc_position":"default","type":"productGroup","required":false,"elementId":"product_group_4268415771","name":"product_group_4268415771","label":"Soundfonts","values":[{"label":"Cindarion","value":"26725","selected":false,"tempId":"aco_181","gt_translate_keys":["label"],"stock_status":"instock","image":"https:\/\/sabers-and-cloaks.de\/wp-content\/uploads\/2025\/09\/10.png","thumb_src":"https:\/\/sabers-and-cloaks.de\/wp-content\/uploads\/2025\/09\/10-100x100.png","image_id":"26726","productImage":{"title":"10","caption":"","url":"https:\/\/sabers-and-cloaks.de\/wp-content\/uploads\/2025\/09\/10.png","alt":"10","src":"https:\/\/sabers-and-cloaks.de\/wp-content\/uploads\/2025\/09\/10-1200x1200.png","srcset":"https:\/\/sabers-and-cloaks.de\/wp-content\/uploads\/2025\/09\/10-1200x1200.png 1200w, https:\/\/sabers-and-cloaks.de\/wp-content\/uploads\/2025\/09\/10-300x300.png 300w, https:\/\/sabers-and-cloaks.de\/wp-content\/uploads\/2025\/09\/10-150x150.png 150w, https:\/\/sabers-and-cloaks.de\/wp-content\/uploads\/2025\/09\/10-1024x1024.png 1024w, https:\/\/sabers-and-cloaks.de\/wp-content\/uploads\/2025\/09\/10-768x768.png 768w, https:\/\/sabers-and-cloaks.de\/wp-content\/uploads\/2025\/09\/10-990x990.png 990w, https:\/\/sabers-and-cloaks.de\/wp-content\/uploads\/2025\/09\/10-441x441.png 441w, https:\/\/sabers-and-cloaks.de\/wp-content\/uploads\/2025\/09\/10-1320x1320.png 1320w, https:\/\/sabers-and-cloaks.de\/wp-content\/uploads\/2025\/09\/10-50x50.png 50w, https:\/\/sabers-and-cloaks.de\/wp-content\/uploads\/2025\/09\/10-100x100.png 100w, https:\/\/sabers-and-cloaks.de\/wp-content\/uploads\/2025\/09\/10.png 1500w","sizes":"(max-width: 1200px) 100vw, 1200px","full_src":"https:\/\/sabers-and-cloaks.de\/wp-content\/uploads\/2025\/09\/10.png","full_src_w":1500,"full_src_h":1500,"gallery_thumbnail_src":"https:\/\/sabers-and-cloaks.de\/wp-content\/uploads\/2025\/09\/10.png","gallery_thumbnail_src_w":150,"gallery_thumbnail_src_h":150,"thumb_src":"https:\/\/sabers-and-cloaks.de\/wp-content\/uploads\/2025\/09\/10-300x300.png","thumb_src_w":300,"thumb_src_h":300,"src_w":1200,"src_h":1200,"image_id":"26726"}},{"label":"God Of Thunder","value":"26741","selected":false,"tempId":"aco_256","gt_translate_keys":["label"],"stock_status":"instock","image":"https:\/\/sabers-and-cloaks.de\/wp-content\/uploads\/2025\/09\/15.png","thumb_src":"https:\/\/sabers-and-cloaks.de\/wp-content\/uploads\/2025\/09\/15-100x100.png","image_id":"26742","productImage":{"title":"15","caption":"","url":"https:\/\/sabers-and-cloaks.de\/wp-content\/uploads\/2025\/09\/15.png","alt":"15","src":"https:\/\/sabers-and-cloaks.de\/wp-content\/uploads\/2025\/09\/15-1200x1200.png","srcset":"https:\/\/sabers-and-cloaks.de\/wp-content\/uploads\/2025\/09\/15-1200x1200.png 1200w, https:\/\/sabers-and-cloaks.de\/wp-content\/uploads\/2025\/09\/15-300x300.png 300w, https:\/\/sabers-and-cloaks.de\/wp-content\/uploads\/2025\/09\/15-150x150.png 150w, https:\/\/sabers-and-cloaks.de\/wp-content\/uploads\/2025\/09\/15-1024x1024.png 1024w, https:\/\/sabers-and-cloaks.de\/wp-content\/uploads\/2025\/09\/15-768x768.png 768w, https:\/\/sabers-and-cloaks.de\/wp-content\/uploads\/2025\/09\/15-990x990.png 990w, https:\/\/sabers-and-cloaks.de\/wp-content\/uploads\/2025\/09\/15-441x441.png 441w, https:\/\/sabers-and-cloaks.de\/wp-content\/uploads\/2025\/09\/15-1320x1320.png 1320w, https:\/\/sabers-and-cloaks.de\/wp-content\/uploads\/2025\/09\/15-50x50.png 50w, https:\/\/sabers-and-cloaks.de\/wp-content\/uploads\/2025\/09\/15-100x100.png 100w, https:\/\/sabers-and-cloaks.de\/wp-content\/uploads\/2025\/09\/15.png 1500w","sizes":"(max-width: 1200px) 100vw, 1200px","full_src":"https:\/\/sabers-and-cloaks.de\/wp-content\/uploads\/2025\/09\/15.png","full_src_w":1500,"full_src_h":1500,"gallery_thumbnail_src":"https:\/\/sabers-and-cloaks.de\/wp-content\/uploads\/2025\/09\/15.png","gallery_thumbnail_src_w":150,"gallery_thumbnail_src_h":150,"thumb_src":"https:\/\/sabers-and-cloaks.de\/wp-content\/uploads\/2025\/09\/15-300x300.png","thumb_src_w":300,"thumb_src_h":300,"src_w":1200,"src_h":1200,"image_id":"26742"}},{"label":"Supernova","value":"26707","selected":false,"tempId":"aco_1738","gt_translate_keys":["label"],"stock_status":"instock","image":"https:\/\/sabers-and-cloaks.de\/wp-content\/uploads\/2025\/09\/8.png","thumb_src":"https:\/\/sabers-and-cloaks.de\/wp-content\/uploads\/2025\/09\/8-100x100.png","image_id":"26711","productImage":{"title":"8","caption":"","url":"https:\/\/sabers-and-cloaks.de\/wp-content\/uploads\/2025\/09\/8.png","alt":"8","src":"https:\/\/sabers-and-cloaks.de\/wp-content\/uploads\/2025\/09\/8-1200x1200.png","srcset":"https:\/\/sabers-and-cloaks.de\/wp-content\/uploads\/2025\/09\/8-1200x1200.png 1200w, https:\/\/sabers-and-cloaks.de\/wp-content\/uploads\/2025\/09\/8-300x300.png 300w, https:\/\/sabers-and-cloaks.de\/wp-content\/uploads\/2025\/09\/8-150x150.png 150w, https:\/\/sabers-and-cloaks.de\/wp-content\/uploads\/2025\/09\/8-1024x1024.png 1024w, https:\/\/sabers-and-cloaks.de\/wp-content\/uploads\/2025\/09\/8-768x768.png 768w, https:\/\/sabers-and-cloaks.de\/wp-content\/uploads\/2025\/09\/8-990x990.png 990w, https:\/\/sabers-and-cloaks.de\/wp-content\/uploads\/2025\/09\/8-441x441.png 441w, https:\/\/sabers-and-cloaks.de\/wp-content\/uploads\/2025\/09\/8-1320x1320.png 1320w, https:\/\/sabers-and-cloaks.de\/wp-content\/uploads\/2025\/09\/8-50x50.png 50w, https:\/\/sabers-and-cloaks.de\/wp-content\/uploads\/2025\/09\/8-100x100.png 100w, https:\/\/sabers-and-cloaks.de\/wp-content\/uploads\/2025\/09\/8.png 1500w","sizes":"(max-width: 1200px) 100vw, 1200px","full_src":"https:\/\/sabers-and-cloaks.de\/wp-content\/uploads\/2025\/09\/8.png","full_src_w":1500,"full_src_h":1500,"gallery_thumbnail_src":"https:\/\/sabers-and-cloaks.de\/wp-content\/uploads\/2025\/09\/8.png","gallery_thumbnail_src_w":150,"gallery_thumbnail_src_h":150,"thumb_src":"https:\/\/sabers-and-cloaks.de\/wp-content\/uploads\/2025\/09\/8-300x300.png","thumb_src_w":300,"thumb_src_h":300,"src_w":1200,"src_h":1200,"image_id":"26711"}}],"isWeightTemplate":false,"error":false,"isTemplate":false,"img_selection_type":"tick","disp_type":"squircle","img_preview_disable_mobile":true,"disp_size_img":{"width":"100","height":"100"},"layOut":"col-3","checkUi":"","min_quantity":"1","quantity_decimal":false,"quantity_step":"1","quantity_label":"Quantity","repeater_field_label":"{field_label}","repeater_bind":"","show_image":true,"enable_popup":"no","enableDesign":false,"scrollBar":false,"show_as_product_image":true,"multiple":true,"custom_label":true,"priceOptions":"fixed_for_all","pricingType":"fixed","description":"","tooltip":"Zus\u00e4tzliche Sound-Erweiterungen f\u00fcr dein Lichtschwert","img_preview":false,"options_tooltip":false,"gt_translate_keys":["label","description","tooltip","repeater_field_label","quantity_label"],"price_dependency":false,"cl_dependency":false,"value":""}]]},"sec_167d2dcab61d33":{"extra":{"key":"sec_167d2dcab61d33","section_id":"sec_167d2dcab61d33","name":"Default","status":1,"cl_rule":"show","enableCl":false,"relations":[],"toggle":true,"title_tag":"h3","show_title":false,"showPrice":"default","form_id":22209,"form_rules":{"exclude_from_discount":false,"fee_label":"Geb\u00fchr","disp_hide_options_price":false,"disp_show_section_price":false,"disp_show_field_price":true,"layout_option":"standard","pric_use_as_fee":false,"process_fee_as":"woo_fee"},"layout_option":"standard"},"fields":[[{"active":true,"col":6,"relations":[{"operator":"or","rules":[{"operator":"or","rules":{"cl_field":"product_ids","cl_relation":"is","cl_val":16829,"cl_field_sub":""}},{"operator":"or","rules":{"cl_field":"product_ids","cl_relation":"is","cl_val":16742}},{"operator":"or","rules":{"cl_field":"product_ids","cl_relation":"is","cl_val":16729}},{"operator":"or","rules":{"cl_field":"product_ids","cl_relation":"is","cl_val":17038}},{"operator":"or","rules":{"cl_field":"product_ids","cl_relation":"is","cl_val":21951}},{"operator":"AND","rules":{"cl_field":"product_ids","cl_relation":"is","cl_val":25515}}]}],"cl_rule":"hide","enableCl":true,"price":"","enablePrice":false,"className":"","label_position":"default","desc_position":"default","type":"select","required":false,"elementId":"select_8723212541","label":"Lunghezza della lama","name":"select_8723212541","values":[{"label":"92 cm (standard)","value":"92 cm (Standard)","selected":true,"tempId":"aco_58","options_cl":false,"relations":[{"operator":false,"rules":[{"operator":"AND","rules":{"cl_field":"","cl_relation":"","cl_val":""}}]}],"cl_rule":"show","gt_translate_keys":["label"]},{"label":"72 cm","value":"72 cm","selected":false,"tempId":"aco_46","gt_translate_keys":["label"]},{"label":"52 cm (nur RGB)","value":"52 cm (nur RGB)","selected":false,"tempId":"aco_60","gt_translate_keys":["label"]}],"dropdown_type":"basic","error":false,"mapToCheckout":false,"tooltip":"92 cm \u00e8 la lunghezza standard (accurata per il film).<br \/>\n52 cm \u00e8 disponibile solo per le spade laser RGB.","isWeightTemplate":false,"isTemplate":false,"min_quantity":"1","quantity_decimal":false,"quantity_step":"1","quantity_label":"Quantity","repeater_field_label":"{field_label}","repeater_bind":"","gt_translate_keys":["label","tooltip","repeater_field_label","quantity_label"],"price_dependency":false,"cl_dependency":false,"value":""}]]}},"config":{"price_override":"","enable_recaptcha":false,"bind_quantity":false,"quantity_bind_formula":false,"disp_summ_show_option_price":true,"disp_summ_show_product_price":true,"disp_summ_show_total_price":true,"disp_summ_show_fee":false,"disp_summ_show_discount":false,"summary_title":"","options_total_label":"Prezzo dell'opzione","total_label":"Totale","options_product_label":"Prezzo del prodotto","fee_label":"Geb\u00fchr","discount_label":"Rabatt","has_price":true,"has_quantity_formula":false},"mc_unit":1,"tax_rate":1,"tax_rate_real":0.081,"discount":{"percentage":0,"fixed":0},"design":{"conf":{"LabelPosition":"left","DescPosition":"above","UploadField":"custom_1","QuantityFieldStyle":"default"},"css":{"LeftLabelWidth":"120px"}},"formulas":[],"lookuptables":[],"clones":false,"cartKey":false}},"_links":{"self":[{"href":"https:\/\/sabers-and-cloaks.de\/it\/wp-json\/wp\/v2\/product\/36292","targetHints":{"allow":["GET"]}}],"collection":[{"href":"https:\/\/sabers-and-cloaks.de\/it\/wp-json\/wp\/v2\/product"}],"about":[{"href":"https:\/\/sabers-and-cloaks.de\/it\/wp-json\/wp\/v2\/types\/product"}],"version-history":[{"count":1,"href":"https:\/\/sabers-and-cloaks.de\/it\/wp-json\/wp\/v2\/product\/36292\/revisions"}],"predecessor-version":[{"id":36318,"href":"https:\/\/sabers-and-cloaks.de\/it\/wp-json\/wp\/v2\/product\/36292\/revisions\/36318"}],"wp:featuredmedia":[{"embeddable":true,"href":"https:\/\/sabers-and-cloaks.de\/it\/wp-json\/wp\/v2\/media\/35644"}],"wp:attachment":[{"href":"https:\/\/sabers-and-cloaks.de\/it\/wp-json\/wp\/v2\/media?parent=36292"}],"wp:term":[{"taxonomy":"produkt-filter","embeddable":true,"href":"https:\/\/sabers-and-cloaks.de\/it\/wp-json\/wp\/v2\/produkt-filter?post=36292"},{"taxonomy":"product_brand","embeddable":true,"href":"https:\/\/sabers-and-cloaks.de\/it\/wp-json\/wp\/v2\/product_brand?post=36292"},{"taxonomy":"product_cat","embeddable":true,"href":"https:\/\/sabers-and-cloaks.de\/it\/wp-json\/wp\/v2\/product_cat?post=36292"},{"taxonomy":"product_tag","embeddable":true,"href":"https:\/\/sabers-and-cloaks.de\/it\/wp-json\/wp\/v2\/product_tag?post=36292"}],"curies":[{"name":"wp","href":"https:\/\/api.w.org\/{rel}","templated":true}]}}